{"id":811,"date":"2015-10-30T12:15:30","date_gmt":"2015-10-30T11:15:30","guid":{"rendered":"http:\/\/interregva-bb-pl.eu\/pl\/?page_id=811"},"modified":"2021-01-06T08:59:33","modified_gmt":"2021-01-06T15:59:33","slug":"informations-und-publizitaetsmassnahmen","status":"publish","type":"page","link":"https:\/\/interregva-bb-pl.eu\/pl\/programu-wspolpracy\/informations-und-publizitaetsmassnahmen\/","title":{"rendered":"Przepisy o Informacji i Komunikacji"},"content":{"rendered":"<p>Informacja i promocja s\u0142u\u017cy w szczeg\u00f3lno\u015bci do przedstawiania i upowszechniania efekt\u00f3w dzia\u0142a\u0144 realizowanych w ramach programu. <a href=\"https:\/\/interregva-bb-pl.eu\/wp-content\/uploads\/2018\/04\/18_03_Strategia_komunikacji_.pdf\">Strategia komunikacyjna dla Programu Wsp\u00f3\u0142pracy Brandenburgia-Polska 2014-2020<\/a> szczeg\u00f3\u0142owo opisuje procedur\u0119 przekazywania informacji grupom docelowym. Grupami docelowymi s\u0105: potencjalni wnioskodawcy, beneficjenci, multiplikatorzy i podmioty wsp\u00f3\u0142pracy transgranicznej, jak r\u00f3wnie\u017c og\u00f3\u0142 spo\u0142ecze\u0144stwa.<\/p>\n<p>Osoba odpowiedzialna za informacj\u0119 i komunikacj\u0119:<\/p>\n<p>Martyna Adamczyk<br \/>\nMinisterstwo Finans<span class=\"st\" data-wahfont=\"15\">\u00f3<\/span>w i\u00a0 Spraw Europejskich Kraju Zwi\u0105zkowego Brandenburgia<br \/>\nWydzia\u0142 53 \u2013\u00a0 Europejska Wsp\u00f3\u0142praca Terytorialna (INTERREG)<br \/>\nHeinrich-Mann-Allee 107<br \/>\n14473 Poczdam<br \/>\nNiemcy<br \/>\ntel: +49 (0) 331 866 6573<br \/>\ne-mail:\u00a0 <a href=\"mailto:martyna.adamczyk@mdjev.brandenburg.de\" data-wahfont=\"15\">martyna.adamczyk<\/a><a href=\"mailto:Ursula.Bretschneider@mdjev.brandenburg.de\" data-wahfont=\"15\">@mdfe.brandenburg.de<\/a><\/p>\n<h4><span style=\"color: #ff0000;\">Dokumenty<\/span><\/h4>\n<p><a href=\"https:\/\/interregva-bb-pl.eu\/wp-content\/uploads\/2021\/01\/F_K__20_06_PL_KP-1.pdf\" target=\"_blank\" rel=\"noopener\">Strategia Komunikacji (Stan: maj 2020)<\/a><\/p>\n<p><a href=\"http:\/\/interregva-bb-pl.eu\/wp-content\/uploads\/2018\/04\/18_03_Strategia_komunikacji_.pdf\" target=\"_blank\" rel=\"noopener noreferrer\">Strategia Komunikacji<\/a><\/p>\n<p><a href=\"http:\/\/interregva-bb-pl.eu\/wp-content\/uploads\/2018\/03\/Luty_Informacja-info-promocja_PL.pdf\">&#8220;Informacja&#8221;: Przepisy o Informacji i komunikacji<\/a><\/p>\n<p><a href=\"http:\/\/interregva-bb-pl.eu\/wp-content\/uploads\/2018\/03\/Wskazowki_pdf.pdf\">Wskaz\u00f3wki do dokumentu &#8220;Informacja&#8221;: Przepisy o Informacji i komunikacji<\/a><\/p>\n<h4><span style=\"color: #ff0000;\">Logo<br \/>\n<\/span><\/h4>\n<ul>\n<li><a href=\"http:\/\/interregva-bb-pl.eu\/wp-content\/uploads\/2015\/10\/EU_Logo.zip\">Flaga UE<\/a><\/li>\n<li><a href=\"http:\/\/interregva-bb-pl.eu\/wp-content\/uploads\/2015\/10\/INTERREG_VA-Logo.zip\">INTERREG_VA-Logo<\/a><\/li>\n<li><a href=\"http:\/\/interregva-bb-pl.eu\/wp-content\/uploads\/2015\/10\/Kombi_logo.zip\">Kombinacja logotyp\u00f3w<\/a><\/li>\n<\/ul>\n<h4><span style=\"color: #ff0000;\">\u00a0<\/span><\/h4>\n<h4><\/h4>\n<p>&nbsp;<\/p>\n<div><\/div>\n<div><\/div>\n<p>&nbsp;<\/p>\n","protected":false},"excerpt":{"rendered":"<p>Informacja i promocja s\u0142u\u017cy w szczeg\u00f3lno\u015bci do przedstawiania i upowszechniania efekt\u00f3w dzia\u0142a\u0144 realizowanych w ramach programu. Strategia komunikacyjna dla Programu Wsp\u00f3\u0142pracy Brandenburgia-Polska 2014-2020 szczeg\u00f3\u0142owo opisuje procedur\u0119 przekazywania informacji grupom docelowym. Grupami docelowymi s\u0105: potencjalni wnioskodawcy, beneficjenci, multiplikatorzy i podmioty wsp\u00f3\u0142pracy transgranicznej, jak r\u00f3wnie\u017c og\u00f3\u0142 spo\u0142ecze\u0144stwa. Osoba odpowiedzialna za informacj\u0119 i komunikacj\u0119: Martyna Adamczyk Ministerstwo Finans\u00f3w [&hellip;]<\/p>\n","protected":false},"author":1,"featured_media":0,"parent":511,"menu_order":10,"comment_status":"closed","ping_status":"closed","template":"","meta":{"site-sidebar-layout":"default","site-content-layout":"default","ast-site-content-layout":"","site-content-style":"default","site-sidebar-style":"default","ast-global-header-display":"","ast-banner-title-visibility":"","ast-main-header-display":"","ast-hfb-above-header-display":"","ast-hfb-below-header-display":"","ast-hfb-mobile-header-display":"","site-post-title":"","ast-breadcrumbs-content":"","ast-featured-img":"","footer-sml-layout":"","theme-transparent-header-meta":"default","adv-header-id-meta":"","stick-header-meta":"","header-above-stick-meta":"","header-main-stick-meta":"","header-below-stick-meta":"","astra-migrate-meta-layouts":"default","ast-page-background-enabled":"default","ast-page-background-meta":{"desktop":{"background-color":"","background-image":"","background-repeat":"repeat","background-position":"center center","background-size":"auto","background-attachment":"scroll","background-type":"","background-media":"","overlay-type":"","overlay-color":"","overlay-opacity":"","overlay-gradient":""},"tablet":{"background-color":"","background-image":"","background-repeat":"repeat","background-position":"center center","background-size":"auto","background-attachment":"scroll","background-type":"","background-media":"","overlay-type":"","overlay-color":"","overlay-opacity":"","overlay-gradient":""},"mobile":{"background-color":"","background-image":"","background-repeat":"repeat","background-position":"center center","background-size":"auto","background-attachment":"scroll","background-type":"","background-media":"","overlay-type":"","overlay-color":"","overlay-opacity":"","overlay-gradient":""}},"ast-content-background-meta":{"desktop":{"background-color":"var(--ast-global-color-5)","background-image":"","background-repeat":"repeat","background-position":"center center","background-size":"auto","background-attachment":"scroll","background-type":"","background-media":"","overlay-type":"","overlay-color":"","overlay-opacity":"","overlay-gradient":""},"tablet":{"background-color":"var(--ast-global-color-5)","background-image":"","background-repeat":"repeat","background-position":"center center","background-size":"auto","background-attachment":"scroll","background-type":"","background-media":"","overlay-type":"","overlay-color":"","overlay-opacity":"","overlay-gradient":""},"mobile":{"background-color":"var(--ast-global-color-5)","background-image":"","background-repeat":"repeat","background-position":"center center","background-size":"auto","background-attachment":"scroll","background-type":"","background-media":"","overlay-type":"","overlay-color":"","overlay-opacity":"","overlay-gradient":""}},"footnotes":""},"class_list":["post-811","page","type-page","status-publish","hentry"],"_links":{"self":[{"href":"https:\/\/interregva-bb-pl.eu\/pl\/wp-json\/wp\/v2\/pages\/811"}],"collection":[{"href":"https:\/\/interregva-bb-pl.eu\/pl\/wp-json\/wp\/v2\/pages"}],"about":[{"href":"https:\/\/interregva-bb-pl.eu\/pl\/wp-json\/wp\/v2\/types\/page"}],"author":[{"embeddable":true,"href":"https:\/\/interregva-bb-pl.eu\/pl\/wp-json\/wp\/v2\/users\/1"}],"replies":[{"embeddable":true,"href":"https:\/\/interregva-bb-pl.eu\/pl\/wp-json\/wp\/v2\/comments?post=811"}],"version-history":[{"count":17,"href":"https:\/\/interregva-bb-pl.eu\/pl\/wp-json\/wp\/v2\/pages\/811\/revisions"}],"predecessor-version":[{"id":13577,"href":"https:\/\/interregva-bb-pl.eu\/pl\/wp-json\/wp\/v2\/pages\/811\/revisions\/13577"}],"up":[{"embeddable":true,"href":"https:\/\/interregva-bb-pl.eu\/pl\/wp-json\/wp\/v2\/pages\/511"}],"wp:attachment":[{"href":"https:\/\/interregva-bb-pl.eu\/pl\/wp-json\/wp\/v2\/media?parent=811"}],"curies":[{"name":"wp","href":"https:\/\/api.w.org\/{rel}","templated":true}]}}