{"id":8140,"date":"2019-01-29T10:12:08","date_gmt":"2019-01-29T09:12:08","guid":{"rendered":"http:\/\/interregva-bb-pl.eu\/?page_id=8140"},"modified":"2019-02-04T11:36:02","modified_gmt":"2019-02-04T10:36:02","slug":"oswiadczenie-o-ochronie-danych-osobowych","status":"publish","type":"page","link":"https:\/\/interregva-bb-pl.eu\/pl\/oswiadczenie-o-ochronie-danych-osobowych\/","title":{"rendered":"O\u015bwiadczenie o ochronie danych osobowych"},"content":{"rendered":"<table width=\"621\">\n<tbody>\n<tr>\n<td width=\"621\"><strong>O\u015aWIADCZENIE O OCHRONIE DANYCH OSOBOWYCH<\/strong><\/p>\n<p>Korzystaj\u0105c z naszej strony internetowej wyra\u017caj\u0105 Pa\u0144stwo zgod\u0119 na zbieranie i wykorzystywanie Pa\u0144stwa informacji zgodnie z nast\u0119puj\u0105cym opisem. Co do zasady mog\u0105 Pa\u0144stwo korzysta\u0107 ze strony bez rejestracji. Do cel\u00f3w statystycznych zbierane i rejestrowanie s\u0105 informacje odno\u015bcie odwiedzanych stron lub nazwy przegl\u0105danych plik\u00f3w, data, godzina bez identyfikacji konkretnej osoby. Dane jak np. adres email s\u0105 przez Pa\u0144stwa przekazywane dobrowolnie. Bez Pa\u0144stwa zgody dane te nie zostan\u0105 przekazane osobom trzecim.<\/p>\n<p><strong>Ciasteczka cookie<\/strong><\/p>\n<p>Nasza strona internetowa wykorzystuje ciasteczka cookie. Cookies to ma\u0142e pliki tekstowe, kt\u00f3rych zadaniem jest zwi\u0119kszenie satysfakcji u\u017cytkownik\u00f3w na danej stronie internetowej, poprzez umo\u017cliwienie systemowi rozpoznania powracaj\u0105cych odwiedzaj\u0105cych. Zadaniem ciasteczek jest tak\u017ce analizowanie zachowania go\u015bci na stronie w celu optymalizacji stron na potrzeby u\u017cytkownik\u00f3w. Po zako\u0144czeniu sesji ciasteczka cookies zostan\u0105 zapisane i mog\u0105 zosta\u0107 przywo\u0142ane podczas kolejnych wizyt na stronie. Je\u017celi chc\u0105 Pa\u0144stwo deaktywowa\u0107 ciasteczka, prosimy o dokonanie odpowiednich ustawie\u0144 strony w celu odmowy ich aktywacji.<\/p>\n<p><strong>Facebook<\/strong><\/p>\n<p>Nasza strona wykorzystuje funkcje Facebook Inc., 1601 S. California Av\u0119, Palo Alto, CA 94304, USA \u00a0Je\u017celi posiadaj\u0105 Pa\u0144stwo konto Facebook, podczas odwiedzin na naszych stronach z plugiem Facebook, nawi\u0105zane zostanie polaczenie mi\u0119dzy Pa\u0144stwa browserem oraz serwerem Facebook, podczas kt\u00f3rego dochodzi do przesy\u0142ania danych do Facebook. Je\u017celi nie \u017cycz\u0105 sobie Pa\u0144stwo takiego transferu, to prosimy o wylogowanie si\u0119 z profilu Facebook przed odwiedzinami nasze strony. Wi\u0119cej informacji tutaj <a href=\"https:\/\/de-de.facebook.com\/about\/privacy\">https:\/\/de-de.facebook.com\/about\/privacy<\/a>.<\/p>\n<p><strong>Newsletter<\/strong><\/p>\n<p>W celu dokonania prenumerat newsletteru prosimy o podanie nam Pa\u0144stwa adres email. Wraz z zapisem do prenumeraty newsletteru wyra\u017caj\u0105 Pa\u0144stwo zgod\u0119 na przesy\u0142anie Pa\u0144stwu naszego newslettera Programu Wsp\u00f3\u0142pracy Interreg VA BB-PL. Mog\u0105 Pa\u0144stwu w ka\u017cdym momencie zrezygnowa\u0107 z prenumeraty jak i wycofa\u0107 Pa\u0144stwa zgod\u0119. W tym celu prosimy o klikniecie na przycisk dezaktywacyjny przesy\u0142any w ka\u017cdym newsletterze.<\/p>\n<p><strong>Gogle analytics<\/strong><\/p>\n<p>Ta strona internetowa korzysta z Google Analytics, us\u0142ugi analizowania us\u0142ug internetowych, oferowanej przez Google Inc. (\u201eGoogle\u201d) 1600 Amphitheatre Parkway, Mountain View, CA 94043, USA. W celu dezaktywacji Google Analytics nale\u017cy pobra\u0107 plugin Google pod tym adresem <a href=\"http:\/\/tools.google.com\/dlpage\/gaoptout?hl=de\">http:\/\/tools.google.com\/dlpage\/gaoptout?hl=de<\/a>. Google Analytic wykorzystuje tzw. \u201eCookies\u201d, pliki tekstowe, kt\u00f3re s\u0105 zapisywane na Pa\u0144stwa komputerze i umo\u017cliwiaj\u0105 analiz\u0119 korzystania przez Pa\u0144stwa ze strony internetowej. Uzyskane przez plik cookie informacje dotycz\u0105ce sposobu korzystania przez Pa\u0144stwa z tej strony internetowej s\u0105 zwykle przekazywane na serwer Google w USA i tam zapisywane. W przypadku aktywowania anonimizacji IP na tej stronie internetowej w obr\u0119bie pa\u0144stw cz\u0142onkowskich Unii Europejskiej lub w innych krajach, kt\u00f3re s\u0105 stronami Porozumienia o Europejskim Obszarze Gospodarczym, Pa\u0144stwa adres IP zostanie jednak najpierw skr\u00f3cony przez Google. Tylko w wyj\u0105tkowych przypadkach pe\u0142ny adres IP jest przekazywany na serwer Google w USA i tam skracany. Na zlecenie w\u0142a\u015bciciela tej strony internetowej firma Google wykorzystuje te informacje do analizy Pa\u0144stwa sposobu korzystania ze strony internetowej, sporz\u0105dzania raport\u00f3w dotycz\u0105cych aktywno\u015bci na stronie internetowej oraz realizacji dalszych us\u0142ug zwi\u0105zanych z wykorzystaniem strony internetowej i Internetu na rzecz w\u0142a\u015bciciela strony internetowej. Wi\u0119cej informacji <a href=\"http:\/\/www.google.com\/intl\/de\/analytics\/privacyoverview.html\">\u00a0http:\/\/www.google.com\/intl\/de\/analytics\/privacyoverview.html<\/a><\/p>\n<p>Mog\u0105 Pa\u0144stwo zapobiec pobieraniu danych uzyskanych przez plik cookie i odnosz\u0105cych si\u0119 do Pa\u0144stwa sposobu korzystania ze strony internetowej (\u0142\u0105cznie z adresem IP) przez Google, a tak\u017ce przetwarzaniu tych danych przez Google, je\u015bli pobior\u0105 Pa\u0144stwo i zainstaluj\u0105 wtyczk\u0119 do przegl\u0105darki, dost\u0119pn\u0105 pod nast\u0119puj\u0105cym linkiem: <a href=\"http:\/\/tools.google.com\/dlpage\/gaoptout?hl=de\">tools.google.com\/dlpage\/gaoptout<\/a>.<\/p>\n<p>&nbsp;<\/p>\n<p>\u017ar\u00f3d\u0142o: <a href=\"https:\/\/www.anwalt.de\/vorlage\/muster-datenschutzerklaerung.php\">Muster-Datenschutzerkl\u00e4rung von anwalt.de<\/a><\/p>\n<p>&nbsp;<\/td>\n<\/tr>\n<\/tbody>\n<\/table>\n<p>&nbsp;<\/p>\n","protected":false},"excerpt":{"rendered":"<p>O\u015aWIADCZENIE O OCHRONIE DANYCH OSOBOWYCH Korzystaj\u0105c z naszej strony internetowej wyra\u017caj\u0105 Pa\u0144stwo zgod\u0119 na zbieranie i wykorzystywanie Pa\u0144stwa informacji zgodnie z nast\u0119puj\u0105cym opisem. Co do zasady mog\u0105 Pa\u0144stwo korzysta\u0107 ze strony bez rejestracji. Do cel\u00f3w statystycznych zbierane i rejestrowanie s\u0105 informacje odno\u015bcie odwiedzanych stron lub nazwy przegl\u0105danych plik\u00f3w, data, godzina bez identyfikacji konkretnej osoby. Dane [&hellip;]<\/p>\n","protected":false},"author":66,"featured_media":0,"parent":0,"menu_order":0,"comment_status":"closed","ping_status":"closed","template":"","meta":{"site-sidebar-layout":"default","site-content-layout":"default","ast-site-content-layout":"","site-content-style":"default","site-sidebar-style":"default","ast-global-header-display":"","ast-banner-title-visibility":"","ast-main-header-display":"","ast-hfb-above-header-display":"","ast-hfb-below-header-display":"","ast-hfb-mobile-header-display":"","site-post-title":"","ast-breadcrumbs-content":"","ast-featured-img":"","footer-sml-layout":"","theme-transparent-header-meta":"default","adv-header-id-meta":"","stick-header-meta":"","header-above-stick-meta":"","header-main-stick-meta":"","header-below-stick-meta":"","astra-migrate-meta-layouts":"default","ast-page-background-enabled":"default","ast-page-background-meta":{"desktop":{"background-color":"","background-image":"","background-repeat":"repeat","background-position":"center center","background-size":"auto","background-attachment":"scroll","background-type":"","background-media":"","overlay-type":"","overlay-color":"","overlay-opacity":"","overlay-gradient":""},"tablet":{"background-color":"","background-image":"","background-repeat":"repeat","background-position":"center center","background-size":"auto","background-attachment":"scroll","background-type":"","background-media":"","overlay-type":"","overlay-color":"","overlay-opacity":"","overlay-gradient":""},"mobile":{"background-color":"","background-image":"","background-repeat":"repeat","background-position":"center center","background-size":"auto","background-attachment":"scroll","background-type":"","background-media":"","overlay-type":"","overlay-color":"","overlay-opacity":"","overlay-gradient":""}},"ast-content-background-meta":{"desktop":{"background-color":"var(--ast-global-color-5)","background-image":"","background-repeat":"repeat","background-position":"center center","background-size":"auto","background-attachment":"scroll","background-type":"","background-media":"","overlay-type":"","overlay-color":"","overlay-opacity":"","overlay-gradient":""},"tablet":{"background-color":"var(--ast-global-color-5)","background-image":"","background-repeat":"repeat","background-position":"center center","background-size":"auto","background-attachment":"scroll","background-type":"","background-media":"","overlay-type":"","overlay-color":"","overlay-opacity":"","overlay-gradient":""},"mobile":{"background-color":"var(--ast-global-color-5)","background-image":"","background-repeat":"repeat","background-position":"center center","background-size":"auto","background-attachment":"scroll","background-type":"","background-media":"","overlay-type":"","overlay-color":"","overlay-opacity":"","overlay-gradient":""}},"footnotes":""},"class_list":["post-8140","page","type-page","status-publish","hentry"],"_links":{"self":[{"href":"https:\/\/interregva-bb-pl.eu\/pl\/wp-json\/wp\/v2\/pages\/8140"}],"collection":[{"href":"https:\/\/interregva-bb-pl.eu\/pl\/wp-json\/wp\/v2\/pages"}],"about":[{"href":"https:\/\/interregva-bb-pl.eu\/pl\/wp-json\/wp\/v2\/types\/page"}],"author":[{"embeddable":true,"href":"https:\/\/interregva-bb-pl.eu\/pl\/wp-json\/wp\/v2\/users\/66"}],"replies":[{"embeddable":true,"href":"https:\/\/interregva-bb-pl.eu\/pl\/wp-json\/wp\/v2\/comments?post=8140"}],"version-history":[{"count":3,"href":"https:\/\/interregva-bb-pl.eu\/pl\/wp-json\/wp\/v2\/pages\/8140\/revisions"}],"predecessor-version":[{"id":8242,"href":"https:\/\/interregva-bb-pl.eu\/pl\/wp-json\/wp\/v2\/pages\/8140\/revisions\/8242"}],"wp:attachment":[{"href":"https:\/\/interregva-bb-pl.eu\/pl\/wp-json\/wp\/v2\/media?parent=8140"}],"curies":[{"name":"wp","href":"https:\/\/api.w.org\/{rel}","templated":true}]}}