{"id":815,"date":"2016-03-18T14:08:11","date_gmt":"2016-03-18T13:08:11","guid":{"rendered":"http:\/\/interregva-bb-pl.eu\/pl\/?page_id=815"},"modified":"2022-04-07T01:49:47","modified_gmt":"2022-04-07T08:49:47","slug":"sprawozdawczosc","status":"publish","type":"page","link":"https:\/\/interregva-bb-pl.eu\/pl\/dla-beneficjentow\/sprawozdawczosc\/","title":{"rendered":"Sprawozdawczo\u015b\u0107"},"content":{"rendered":"<h3 data-wahfont=\"25\"><a href=\"https:\/\/interregva-bb-pl.eu\/wp-content\/uploads\/2022\/04\/220406_Anleitung_PL_Final.pdf\" target=\"_blank\" rel=\"noopener\">Instrukcja do wype\u0142niania raport\u00f3w (zaktualizowana) &#8211; kwiecie\u0144 2022<\/a><\/h3>\n<p><\/strong><\/span><\/p>\n<h3 data-wahfont=\"25\"><\/h3>\n<h3 data-wahfont=\"25\"><\/h3>\n<h3 data-wahfont=\"25\"><a href=\"https:\/\/interregva-bb-pl.eu\/wp-content\/uploads\/2020\/09\/Instrukcja_PL_07.09.2020.pdf\" target=\"_blank\" rel=\"noopener noreferrer\">Instrukcja do wype\u0142niania raport\u00f3w &#8211; wrzesie\u0144 2020<\/a><\/h3>\n<p>&nbsp;<\/p>\n<p><strong><span style=\"font-size: 24px;\">Uzupe\u0142niaj\u0105ce informacje dotycz\u0105ce sprawozdawczo\u015bci znajd\u0105 Pa\u0144stwo <a href=\"https:\/\/interregva-bb-pl.eu\/wp-content\/uploads\/2020\/03\/2020-03-02_Informacje-uzup_raport_final.pdf\" target=\"_blank\" rel=\"noopener noreferrer\">tutaj<\/a><\/span><\/strong><\/p>\n<p>Wsp\u00f3lny Sekretariat oraz kontrolerzy z art. 23 &#8211; pracownicy Lubuskiego Urz\u0119du Wojew\u00f3dzkiegi i ILB &#8211; przeprowadzaj\u0105 szkolenia dla beneficjent\u00f3w. Informacje o ich miejscu i terminie znajd\u0105 Pa\u0144stwo w &#8220;<a href=\"https:\/\/interregva-bb-pl.eu\/pl\/\" target=\"_blank\" rel=\"noopener noreferrer\">aktualno\u015bciach<\/a>&#8220;.<\/p>\n<p><strong><span style=\"font-size: 24px;\"><span data-wahfont=\"24\">Nowe <a href=\"https:\/\/interregva-bb-pl.eu\/wp-content\/uploads\/2020\/08\/Berichtsunterl-DokRaportu_2020-09-01.zip\" target=\"_blank\" rel=\"noopener noreferrer\" data-wahfont=\"24\">formularze raportu<\/a>, obowi\u0105zuj\u0105ce od 01.09.2020, <a href=\"https:\/\/interregva-bb-pl.eu\/wp-content\/uploads\/2020\/08\/2020-08-19_Berichtsunterl-DokRaportu_AenderListe-ListaZmian.pdf\" target=\"_blank\" rel=\"noopener noreferrer\" data-wahfont=\"24\">lista zmian<\/a><\/span><\/span><\/strong><\/p>\n<p><strong><span style=\"font-size: 24px;\">Formularze raportu (stan z dn. 01.12.2019) znajduj\u0105 si\u0119 <a href=\"https:\/\/interregva-bb-pl.eu\/wp-content\/uploads\/2019\/11\/Berichtsunterlagen_PakietRaport-12_19.zip\" target=\"_blank\" rel=\"noopener noreferrer\">tutaj<\/a><\/span><\/strong><\/p>\n<p><strong><span style=\"font-size: 24px;\">Formularze raportu (stan z dn. 28.11.2018) znajduj\u0105 si\u0119 <a href=\"http:\/\/interregva-bb-pl.eu\/wp-content\/uploads\/2018\/11\/Berichtsunterlagen-FormularzeRaportu-281118.zip\" target=\"_blank\" rel=\"noopener noreferrer\">tutaj<\/a><\/span><\/strong><\/p>\n<p><strong><span style=\"font-size: 24px;\">Formularze raportu (stan z dn. 28.06.2018) znajduj\u0105 si\u0119 <a href=\"http:\/\/interregva-bb-pl.eu\/wp-content\/uploads\/2018\/08\/Berichtsunterlagen-\u00c4nderung-Juni-2018-Anlage-2.zip\" target=\"_blank\" rel=\"noopener noreferrer\">tutaj<\/a><\/span><br \/>\n<\/strong><\/p>\n<p><span style=\"font-size: 24px;\"><strong>Formularze raportu (stan z dn. 08.01.2018) znajduj\u0105 si\u0119 <a href=\"http:\/\/interregva-bb-pl.eu\/wp-content\/uploads\/2018\/11\/Berichtsunterlagen-%C3%84nderung-am-08.01.18.zip\" target=\"_blank\" rel=\"noopener noreferrer\">tutaj<\/a>.<br \/>\n<\/strong><\/span><\/p>\n<p><span style=\"font-size: 24px;\"><strong>Formularz raportu (stan z dn. 13.11.2017) znajduje si\u0119 <a href=\"http:\/\/interregva-bb-pl.eu\/wp-content\/uploads\/2017\/12\/Bericht_131117_final.docx\" target=\"_blank\" rel=\"noopener noreferrer\">tutaj<\/a>. <\/strong><\/span><\/p>\n<p><span style=\"font-size: 24px;\"><strong>Formularze raportu (stan 16.10.2017) znajduj\u0105 si\u0119 <a href=\"http:\/\/interregva-bb-pl.eu\/wp-content\/uploads\/2018\/11\/Berichtsunterlagen-%C3%84nderung-am-16.10.17.zip\" target=\"_blank\" rel=\"noopener noreferrer\">tutaj<\/a>.<\/strong><\/span><\/p>\n","protected":false},"excerpt":{"rendered":"<p>Instrukcja do wype\u0142niania raport\u00f3w (zaktualizowana) &#8211; kwiecie\u0144 2022 Instrukcja do wype\u0142niania raport\u00f3w &#8211; wrzesie\u0144 2020 &nbsp; Uzupe\u0142niaj\u0105ce informacje dotycz\u0105ce sprawozdawczo\u015bci znajd\u0105 Pa\u0144stwo tutaj Wsp\u00f3lny Sekretariat oraz kontrolerzy z art. 23 &#8211; pracownicy Lubuskiego Urz\u0119du Wojew\u00f3dzkiegi i ILB &#8211; przeprowadzaj\u0105 szkolenia dla beneficjent\u00f3w. Informacje o ich miejscu i terminie znajd\u0105 Pa\u0144stwo w &#8220;aktualno\u015bciach&#8220;. Nowe formularze raportu, [&hellip;]<\/p>\n","protected":false},"author":66,"featured_media":0,"parent":791,"menu_order":20,"comment_status":"closed","ping_status":"closed","template":"","meta":{"site-sidebar-layout":"default","site-content-layout":"default","ast-site-content-layout":"","site-content-style":"default","site-sidebar-style":"default","ast-global-header-display":"","ast-banner-title-visibility":"","ast-main-header-display":"","ast-hfb-above-header-display":"","ast-hfb-below-header-display":"","ast-hfb-mobile-header-display":"","site-post-title":"","ast-breadcrumbs-content":"","ast-featured-img":"","footer-sml-layout":"","theme-transparent-header-meta":"default","adv-header-id-meta":"","stick-header-meta":"","header-above-stick-meta":"","header-main-stick-meta":"","header-below-stick-meta":"","astra-migrate-meta-layouts":"default","ast-page-background-enabled":"default","ast-page-background-meta":{"desktop":{"background-color":"","background-image":"","background-repeat":"repeat","background-position":"center center","background-size":"auto","background-attachment":"scroll","background-type":"","background-media":"","overlay-type":"","overlay-color":"","overlay-opacity":"","overlay-gradient":""},"tablet":{"background-color":"","background-image":"","background-repeat":"repeat","background-position":"center center","background-size":"auto","background-attachment":"scroll","background-type":"","background-media":"","overlay-type":"","overlay-color":"","overlay-opacity":"","overlay-gradient":""},"mobile":{"background-color":"","background-image":"","background-repeat":"repeat","background-position":"center center","background-size":"auto","background-attachment":"scroll","background-type":"","background-media":"","overlay-type":"","overlay-color":"","overlay-opacity":"","overlay-gradient":""}},"ast-content-background-meta":{"desktop":{"background-color":"var(--ast-global-color-5)","background-image":"","background-repeat":"repeat","background-position":"center center","background-size":"auto","background-attachment":"scroll","background-type":"","background-media":"","overlay-type":"","overlay-color":"","overlay-opacity":"","overlay-gradient":""},"tablet":{"background-color":"var(--ast-global-color-5)","background-image":"","background-repeat":"repeat","background-position":"center center","background-size":"auto","background-attachment":"scroll","background-type":"","background-media":"","overlay-type":"","overlay-color":"","overlay-opacity":"","overlay-gradient":""},"mobile":{"background-color":"var(--ast-global-color-5)","background-image":"","background-repeat":"repeat","background-position":"center center","background-size":"auto","background-attachment":"scroll","background-type":"","background-media":"","overlay-type":"","overlay-color":"","overlay-opacity":"","overlay-gradient":""}},"footnotes":""},"class_list":["post-815","page","type-page","status-publish","hentry"],"_links":{"self":[{"href":"https:\/\/interregva-bb-pl.eu\/pl\/wp-json\/wp\/v2\/pages\/815"}],"collection":[{"href":"https:\/\/interregva-bb-pl.eu\/pl\/wp-json\/wp\/v2\/pages"}],"about":[{"href":"https:\/\/interregva-bb-pl.eu\/pl\/wp-json\/wp\/v2\/types\/page"}],"author":[{"embeddable":true,"href":"https:\/\/interregva-bb-pl.eu\/pl\/wp-json\/wp\/v2\/users\/66"}],"replies":[{"embeddable":true,"href":"https:\/\/interregva-bb-pl.eu\/pl\/wp-json\/wp\/v2\/comments?post=815"}],"version-history":[{"count":31,"href":"https:\/\/interregva-bb-pl.eu\/pl\/wp-json\/wp\/v2\/pages\/815\/revisions"}],"predecessor-version":[{"id":16550,"href":"https:\/\/interregva-bb-pl.eu\/pl\/wp-json\/wp\/v2\/pages\/815\/revisions\/16550"}],"up":[{"embeddable":true,"href":"https:\/\/interregva-bb-pl.eu\/pl\/wp-json\/wp\/v2\/pages\/791"}],"wp:attachment":[{"href":"https:\/\/interregva-bb-pl.eu\/pl\/wp-json\/wp\/v2\/media?parent=815"}],"curies":[{"name":"wp","href":"https:\/\/api.w.org\/{rel}","templated":true}]}}