{"id":817,"date":"2016-03-18T14:09:02","date_gmt":"2016-03-18T13:09:02","guid":{"rendered":"http:\/\/interregva-bb-pl.eu\/pl\/?page_id=817"},"modified":"2021-12-20T08:03:15","modified_gmt":"2021-12-20T15:03:15","slug":"zmiany-w-projekcie","status":"publish","type":"page","link":"https:\/\/interregva-bb-pl.eu\/pl\/dla-beneficjentow\/zmiany-w-projekcie\/","title":{"rendered":"Zmiany w projekcie"},"content":{"rendered":"<p><a href=\"http:\/\/interregva-bb-pl.eu\/wp-content\/uploads\/2018\/04\/18-03-21_Zmiany-w-projektach_PL.pdf\" target=\"_blank\" rel=\"noopener\"><strong>Zmiany w projektach (Stan kwiecie\u0144 2018 r.). <\/strong><\/a><\/p>\n<p><strong>Komunikat Instytucji Zarz\u0105dzaj\u0105cej (20.12.2021 r.): <\/strong><br \/>\n<strong><a href=\"https:\/\/interregva-bb-pl.eu\/wp-content\/uploads\/2021\/12\/2021-12-20_Komunikat_IZ_WoZ-Procedur_FIN.pdf\" target=\"_blank\" rel=\"noopener\">Dopasowanie termin\u00f3w dla procedury wprowadzania zmian<\/a><\/strong><\/p>\n<p><strong><span style=\"font-size: 21px;\">Formularz do z\u0142o\u017cenia wniosku o zmiany w projekcie znajdziecie Pa\u0144stwo <a href=\"http:\/\/interregva-bb-pl.eu\/wp-content\/uploads\/2018\/11\/Projekt\u00e4nderungen-Zmiany-w-projekcie.zip\" target=\"_blank\" rel=\"noopener\">tutaj<\/a><\/span><\/strong><\/p>\n<p>&nbsp;<\/p>\n<p>&nbsp;<\/p>\n","protected":false},"excerpt":{"rendered":"<p>Zmiany w projektach (Stan kwiecie\u0144 2018 r.). Komunikat Instytucji Zarz\u0105dzaj\u0105cej (20.12.2021 r.): Dopasowanie termin\u00f3w dla procedury wprowadzania zmian Formularz do z\u0142o\u017cenia wniosku o zmiany w projekcie znajdziecie Pa\u0144stwo tutaj &nbsp; &nbsp;<\/p>\n","protected":false},"author":66,"featured_media":0,"parent":791,"menu_order":30,"comment_status":"closed","ping_status":"closed","template":"","meta":{"site-sidebar-layout":"default","site-content-layout":"default","ast-site-content-layout":"","site-content-style":"default","site-sidebar-style":"default","ast-global-header-display":"","ast-banner-title-visibility":"","ast-main-header-display":"","ast-hfb-above-header-display":"","ast-hfb-below-header-display":"","ast-hfb-mobile-header-display":"","site-post-title":"","ast-breadcrumbs-content":"","ast-featured-img":"","footer-sml-layout":"","theme-transparent-header-meta":"default","adv-header-id-meta":"","stick-header-meta":"","header-above-stick-meta":"","header-main-stick-meta":"","header-below-stick-meta":"","astra-migrate-meta-layouts":"default","ast-page-background-enabled":"default","ast-page-background-meta":{"desktop":{"background-color":"","background-image":"","background-repeat":"repeat","background-position":"center center","background-size":"auto","background-attachment":"scroll","background-type":"","background-media":"","overlay-type":"","overlay-color":"","overlay-opacity":"","overlay-gradient":""},"tablet":{"background-color":"","background-image":"","background-repeat":"repeat","background-position":"center center","background-size":"auto","background-attachment":"scroll","background-type":"","background-media":"","overlay-type":"","overlay-color":"","overlay-opacity":"","overlay-gradient":""},"mobile":{"background-color":"","background-image":"","background-repeat":"repeat","background-position":"center center","background-size":"auto","background-attachment":"scroll","background-type":"","background-media":"","overlay-type":"","overlay-color":"","overlay-opacity":"","overlay-gradient":""}},"ast-content-background-meta":{"desktop":{"background-color":"var(--ast-global-color-5)","background-image":"","background-repeat":"repeat","background-position":"center center","background-size":"auto","background-attachment":"scroll","background-type":"","background-media":"","overlay-type":"","overlay-color":"","overlay-opacity":"","overlay-gradient":""},"tablet":{"background-color":"var(--ast-global-color-5)","background-image":"","background-repeat":"repeat","background-position":"center center","background-size":"auto","background-attachment":"scroll","background-type":"","background-media":"","overlay-type":"","overlay-color":"","overlay-opacity":"","overlay-gradient":""},"mobile":{"background-color":"var(--ast-global-color-5)","background-image":"","background-repeat":"repeat","background-position":"center center","background-size":"auto","background-attachment":"scroll","background-type":"","background-media":"","overlay-type":"","overlay-color":"","overlay-opacity":"","overlay-gradient":""}},"footnotes":""},"class_list":["post-817","page","type-page","status-publish","hentry"],"_links":{"self":[{"href":"https:\/\/interregva-bb-pl.eu\/pl\/wp-json\/wp\/v2\/pages\/817"}],"collection":[{"href":"https:\/\/interregva-bb-pl.eu\/pl\/wp-json\/wp\/v2\/pages"}],"about":[{"href":"https:\/\/interregva-bb-pl.eu\/pl\/wp-json\/wp\/v2\/types\/page"}],"author":[{"embeddable":true,"href":"https:\/\/interregva-bb-pl.eu\/pl\/wp-json\/wp\/v2\/users\/66"}],"replies":[{"embeddable":true,"href":"https:\/\/interregva-bb-pl.eu\/pl\/wp-json\/wp\/v2\/comments?post=817"}],"version-history":[{"count":12,"href":"https:\/\/interregva-bb-pl.eu\/pl\/wp-json\/wp\/v2\/pages\/817\/revisions"}],"predecessor-version":[{"id":16177,"href":"https:\/\/interregva-bb-pl.eu\/pl\/wp-json\/wp\/v2\/pages\/817\/revisions\/16177"}],"up":[{"embeddable":true,"href":"https:\/\/interregva-bb-pl.eu\/pl\/wp-json\/wp\/v2\/pages\/791"}],"wp:attachment":[{"href":"https:\/\/interregva-bb-pl.eu\/pl\/wp-json\/wp\/v2\/media?parent=817"}],"curies":[{"name":"wp","href":"https:\/\/api.w.org\/{rel}","templated":true}]}}