{"id":819,"date":"2016-03-18T14:11:33","date_gmt":"2016-03-18T13:11:33","guid":{"rendered":"http:\/\/interregva-bb-pl.eu\/pl\/?page_id=819"},"modified":"2020-01-24T12:36:22","modified_gmt":"2020-01-24T11:36:22","slug":"polityka-prywatnosci","status":"publish","type":"page","link":"https:\/\/interregva-bb-pl.eu\/pl\/polityka-prywatnosci\/","title":{"rendered":"Impressum"},"content":{"rendered":"<h2>Impressum<\/h2>\n<p>&nbsp;<\/p>\n<p><strong>Redakcja<\/strong><\/p>\n<p>Ministerstwo Finans<span class=\"st\">\u00f3<\/span>w i\u00a0 Spraw Europejskich Kraju Zwi\u0105zkowego Brandenburgia<br \/>\nDepartament IV.3\u00a0 \u2013\u00a0 Europejska Wsp\u00f3\u0142praca Terytorialna (EWT)<br \/>\nHeinrich-Mann-Allee 107<br \/>\n14473 Potsdam<br \/>\nTel. +49 331 866-3435<br \/>\n<a href=\"mailto:etz.1420@mdjev.brandenburg.de\">etz.1420@mdfe.brandenburg.de<\/a><\/p>\n<p>Realizacja techniczna<br \/>\nariadne an der spree GmbH<br \/>\nwww.ariadne-an-der-spree.de<\/p>\n<p><strong>Zastrze\u017cenie:<\/strong><\/p>\n<p><strong>Odpowiedzialno\u015b\u0107 za tre\u015b\u0107:<\/strong> zawarto\u015b\u0107 naszych stron zosta\u0142a stworzona z wielk\u0105 staranno\u015bci\u0105. Nie mo\u017cemy jednak ponosi\u0107 \u017cadnej odpowiedzialno\u015bci za dok\u0142adno\u015b\u0107, kompletno\u015b\u0107 i aktualno\u015b\u0107 tre\u015bci. Jako us\u0142ugodawca jeste\u015bmy odpowiedzialni zgodnie z \u00a7 7 Abs.1 TMG za w\u0142asne tre\u015bci na tych stronach zgodnie z og\u00f3lnymi przepisami. Zgodnie z \u00a7\u00a7 8 do 10 TMG my, jako us\u0142ugodawca, nie jeste\u015bmy jednak zobowi\u0105zani do monitorowania przesy\u0142anych lub przechowywanych informacji zewn\u0119trznych ani do badania okoliczno\u015bci wskazuj\u0105cych na nielegaln\u0105 dzia\u0142alno\u015b\u0107. Obowi\u0105zek usuni\u0119cia lub zablokowania wykorzystania informacji na mocy og\u00f3lnego prawa pozostaje nienaruszony. Odpowiedzialno\u015b\u0107 w tym zakresie jest jednak mo\u017cliwa tylko od momentu stwierdzenia okre\u015blonego naruszenia. Po powiadomieniu o odpowiednich naruszeniach natychmiast usuniemy t\u0119 tre\u015b\u0107.<\/p>\n<p><strong>Odpowiedzialno\u015b\u0107 za linki:<\/strong> Nasza oferta zawiera linki do zewn\u0119trznych stron internetowych stron trzecich, na kt\u00f3rych zawarto\u015b\u0107 nie mamy wp\u0142ywu. Dlatego nie mo\u017cemy ponosi\u0107 \u017cadnej odpowiedzialno\u015bci za te tre\u015bci zewn\u0119trzne. Odpowiedni dostawca lub operator stron jest zawsze odpowiedzialny za zawarto\u015b\u0107 powi\u0105zanych stron. Po\u0142\u0105czone strony zosta\u0142y sprawdzone pod k\u0105tem mo\u017cliwych narusze\u0144 prawnych w momencie \u0142\u0105czenia. Nielegalne tre\u015bci nie by\u0142y rozpoznawalne w momencie \u0142\u0105czenia. Jednak sta\u0142a kontrola tre\u015bci powi\u0105zanych stron nie jest uzasadniona bez konkretnych dowod\u00f3w naruszenia. Po powiadomieniu o naruszeniach usuniemy takie linki natychmiast.<\/p>\n<p><strong><span class=\"auto-style66\">Prawa autorskie:<\/span><\/strong><span class=\"auto-style64\"> Tre\u015bci tworzone przez operator\u00f3w witryn i dzia\u0142aj\u0105ce na tych stronach podlegaj\u0105 niemieckiemu prawu autorskiemu. Powielanie, przetwarzanie, rozpowszechnianie i wszelkiego rodzaju wykorzystanie poza granicami praw autorskich wymaga pisemnej zgody danego autora lub tw\u00f3rcy. Pliki do pobrania i kopie tej strony s\u0105 przeznaczone wy\u0142\u0105cznie do prywatnego, niekomercyjnego u\u017cytku. O ile tre\u015b\u0107 z tej strony nie zosta\u0142a stworzona przez operatora, bierze si\u0119 pod uwag\u0119 prawa autorskie stron trzecich. W szczeg\u00f3lno\u015bci tre\u015bci os\u00f3b trzecich s\u0105 identyfikowane jako takie. Je\u015bli nadal zdajesz sobie spraw\u0119 z naruszenia praw autorskich, prosimy o notatk\u0119. Po otrzymaniu zawiadomienia o naruszeniach niezw\u0142ocznie usuniemy takie tre\u015bci.<\/span><\/p>\n<p><strong>Bezpiecze\u0144stwo w Internecie:<\/strong> Mamy nasze serwery internetowe i pocztowe w Niemczech. Nie mo\u017cna jednak wykluczy\u0107 rutowania na trasach tranzytowych poza terytorium Niemiec i Unii Europejskiej. Chcemy wyra\u017anie podkre\u015bli\u0107, \u017ce transmisja danych przez Internet luk bezpiecze\u0144stwa (na przyk\u0142ad, gdy komunikuje si\u0119 poprzez e-mail) i nie mo\u017ce by\u0107 ca\u0142kowicie zabezpieczone przed dost\u0119pem os\u00f3b trzecich. Aby uzyska\u0107 informacje o wysokiej poufno\u015bci, zalecamy poczt\u0119 lub r\u00f3wnowa\u017cne zabezpieczenia elektroniczne.<\/p>\n<p><strong>Prywatno\u015b\u0107:<\/strong> Korzystanie z naszej strony internetowej jest zazwyczaj mo\u017cliwe bez podawania danych osobowych. O ile na naszych stronach podniesione s\u0105 dane osobowe (na przyk\u0142ad imi\u0119 i nazwisko, adres lub adresy e-mail), odbywa si\u0119 to w miar\u0119 mo\u017cliwo\u015bci zawsze na zasadzie dobrowolno\u015bci. Dane te nie b\u0119d\u0105 ujawniane stronom trzecim bez Twojej wyra\u017anej zgody. Nale\u017cy pami\u0119ta\u0107, \u017ce transmisja danych przez Internet (na przyk\u0142ad podczas komunikacji za po\u015brednictwem poczty e-mail) mo\u017ce zawiera\u0107 luki w zabezpieczeniach. Pe\u0142na ochrona danych przed dost\u0119pem os\u00f3b trzecich nie jest mo\u017cliwa. Wykorzystanie danych kontaktowych opublikowanych w zwi\u0105zku z obowi\u0105zkiem wydawania przez osoby trzecie do wysy\u0142ania niezam\u00f3wionych materia\u0142\u00f3w reklamowych i informacyjnych jest niniejszym wyra\u017anie wykluczone. Operatorzy stron wyra\u017anie zastrzegaj\u0105 sobie prawo do podj\u0119cia krok\u00f3w prawnych w przypadku niezam\u00f3wionego wysy\u0142ania informacji reklamowych, na przyk\u0142ad za po\u015brednictwem wiadomo\u015bci e-mail b\u0119d\u0105cych spamem. Wi\u0119cej informacji w zak\u0142adce Ochrona danych osobowych.<\/p>\n<p>&nbsp;<\/p>\n<p>\u017ar\u00f3d\u0142o: S&amp;K Rechtsanw\u00e4lte www.streifler.de<\/p>\n","protected":false},"excerpt":{"rendered":"<p>Impressum &nbsp; Redakcja Ministerstwo Finans\u00f3w i\u00a0 Spraw Europejskich Kraju Zwi\u0105zkowego Brandenburgia Departament IV.3\u00a0 \u2013\u00a0 Europejska Wsp\u00f3\u0142praca Terytorialna (EWT) Heinrich-Mann-Allee 107 14473 Potsdam Tel. +49 331 866-3435 etz.1420@mdfe.brandenburg.de Realizacja techniczna ariadne an der spree GmbH www.ariadne-an-der-spree.de Zastrze\u017cenie: Odpowiedzialno\u015b\u0107 za tre\u015b\u0107: zawarto\u015b\u0107 naszych stron zosta\u0142a stworzona z wielk\u0105 staranno\u015bci\u0105. Nie mo\u017cemy jednak ponosi\u0107 \u017cadnej odpowiedzialno\u015bci za dok\u0142adno\u015b\u0107, [&hellip;]<\/p>\n","protected":false},"author":66,"featured_media":0,"parent":0,"menu_order":0,"comment_status":"closed","ping_status":"closed","template":"","meta":{"site-sidebar-layout":"default","site-content-layout":"default","ast-site-content-layout":"","site-content-style":"default","site-sidebar-style":"default","ast-global-header-display":"","ast-banner-title-visibility":"","ast-main-header-display":"","ast-hfb-above-header-display":"","ast-hfb-below-header-display":"","ast-hfb-mobile-header-display":"","site-post-title":"","ast-breadcrumbs-content":"","ast-featured-img":"","footer-sml-layout":"","theme-transparent-header-meta":"default","adv-header-id-meta":"","stick-header-meta":"","header-above-stick-meta":"","header-main-stick-meta":"","header-below-stick-meta":"","astra-migrate-meta-layouts":"default","ast-page-background-enabled":"default","ast-page-background-meta":{"desktop":{"background-color":"","background-image":"","background-repeat":"repeat","background-position":"center center","background-size":"auto","background-attachment":"scroll","background-type":"","background-media":"","overlay-type":"","overlay-color":"","overlay-opacity":"","overlay-gradient":""},"tablet":{"background-color":"","background-image":"","background-repeat":"repeat","background-position":"center center","background-size":"auto","background-attachment":"scroll","background-type":"","background-media":"","overlay-type":"","overlay-color":"","overlay-opacity":"","overlay-gradient":""},"mobile":{"background-color":"","background-image":"","background-repeat":"repeat","background-position":"center center","background-size":"auto","background-attachment":"scroll","background-type":"","background-media":"","overlay-type":"","overlay-color":"","overlay-opacity":"","overlay-gradient":""}},"ast-content-background-meta":{"desktop":{"background-color":"var(--ast-global-color-5)","background-image":"","background-repeat":"repeat","background-position":"center center","background-size":"auto","background-attachment":"scroll","background-type":"","background-media":"","overlay-type":"","overlay-color":"","overlay-opacity":"","overlay-gradient":""},"tablet":{"background-color":"var(--ast-global-color-5)","background-image":"","background-repeat":"repeat","background-position":"center center","background-size":"auto","background-attachment":"scroll","background-type":"","background-media":"","overlay-type":"","overlay-color":"","overlay-opacity":"","overlay-gradient":""},"mobile":{"background-color":"var(--ast-global-color-5)","background-image":"","background-repeat":"repeat","background-position":"center center","background-size":"auto","background-attachment":"scroll","background-type":"","background-media":"","overlay-type":"","overlay-color":"","overlay-opacity":"","overlay-gradient":""}},"footnotes":""},"class_list":["post-819","page","type-page","status-publish","hentry"],"_links":{"self":[{"href":"https:\/\/interregva-bb-pl.eu\/pl\/wp-json\/wp\/v2\/pages\/819"}],"collection":[{"href":"https:\/\/interregva-bb-pl.eu\/pl\/wp-json\/wp\/v2\/pages"}],"about":[{"href":"https:\/\/interregva-bb-pl.eu\/pl\/wp-json\/wp\/v2\/types\/page"}],"author":[{"embeddable":true,"href":"https:\/\/interregva-bb-pl.eu\/pl\/wp-json\/wp\/v2\/users\/66"}],"replies":[{"embeddable":true,"href":"https:\/\/interregva-bb-pl.eu\/pl\/wp-json\/wp\/v2\/comments?post=819"}],"version-history":[{"count":9,"href":"https:\/\/interregva-bb-pl.eu\/pl\/wp-json\/wp\/v2\/pages\/819\/revisions"}],"predecessor-version":[{"id":11682,"href":"https:\/\/interregva-bb-pl.eu\/pl\/wp-json\/wp\/v2\/pages\/819\/revisions\/11682"}],"wp:attachment":[{"href":"https:\/\/interregva-bb-pl.eu\/pl\/wp-json\/wp\/v2\/media?parent=819"}],"curies":[{"name":"wp","href":"https:\/\/api.w.org\/{rel}","templated":true}]}}