{"id":822,"date":"2016-03-18T14:12:18","date_gmt":"2016-03-18T13:12:18","guid":{"rendered":"http:\/\/interregva-bb-pl.eu\/pl\/?page_id=822"},"modified":"2018-02-28T09:54:23","modified_gmt":"2018-02-28T08:54:23","slug":"fundusz-malych-projektow-fmp","status":"publish","type":"page","link":"https:\/\/interregva-bb-pl.eu\/pl\/fundusz-malych-projektow-fmp\/","title":{"rendered":"Fundusz Ma\u0142ych Projekt\u00f3w (FMP)"},"content":{"rendered":"<div data-canvas-width=\"234.4590718083337\" data-angle=\"0\" data-font-name=\"Helvetica\"><strong>Dla ma\u0142ych projekt\u00f3w przyznawana b\u0119dzie kwota dofinansowania w wysoko\u015bci do 25.000 EUR (EFRR). Ca\u0142kowita warto\u015b\u0107 bud\u017cetu ma\u0142ego projektu nie mo\u017ce przekroczy\u0107 35.000 EUR. Euroregiony Pro Europa Viadrina i Sprewa-Nysa-B\u00f3br prowadz\u0105 doradztwo, wspieraj\u0105 oraz szkol\u0105 wnioskodawc\u00f3w przy opracowaniu wniosku od momentu powstania pomys\u0142u, z\u0142o\u017cenia wniosku, poprzez jego zatwierdzenie przez w\u0142a\u015bciw\u0105 Euroregionaln\u0105 Komisj\u0119 Oceniaj\u0105c\u0105 (EKO) i realizacj\u0119 ma\u0142ego projektu a\u017c do momentu zako\u0144czenia ma\u0142ego projektu i wyp\u0142aty refundacji. Wnioski o dofinansowanie z FMP sk\u0142adane s\u0105 we w\u0142a\u015bciwym miejscowo biurze Euroregionu.<\/strong><\/div>\n<div data-canvas-width=\"234.4590718083337\" data-angle=\"0\" data-font-name=\"Helvetica\"><\/div>\n<div data-canvas-width=\"234.4590718083337\" data-angle=\"0\" data-font-name=\"Helvetica\">Dla beneficjent\u00f3w z siedzib\u0105 w powiecie Spree-Nei\u00dfe i miasta Cottbus:<\/div>\n<div data-canvas-width=\"234.4590718083337\" data-angle=\"0\" data-font-name=\"Helvetica\">Euroregion Spree-Nei\u00dfe-Bober<\/div>\n<div data-canvas-width=\"130.15169217130233\" data-angle=\"0\" data-font-name=\"Helvetica\">Berliner Stra\u00dfe 7<\/div>\n<div data-canvas-width=\"132.02856062655462\" data-angle=\"0\" data-font-name=\"Helvetica\">D &#8211; 03172 Guben<\/div>\n<div data-canvas-width=\"197.13762562291822\" data-angle=\"0\" data-font-name=\"Helvetica\">Fon: +49 (0) 35 61 \/ 31 33<\/div>\n<div data-canvas-width=\"196.20749612297016\" data-angle=\"0\" data-font-name=\"Helvetica\">Fax: +49 (0) 35 61 \/ 31 71<\/div>\n<div data-canvas-width=\"239.32564222770475\" data-angle=\"0\" data-font-name=\"Helvetica\">E-Mail: info@euroregion-snb.de<\/div>\n<div data-canvas-width=\"9.234857178055654\" data-angle=\"0\" data-font-name=\"g_font_2\">Internet: www.euroregion-snb.de<\/div>\n<div data-canvas-width=\"9.234857178055654\" data-angle=\"0\" data-font-name=\"Helvetica\"><\/div>\n<div data-canvas-width=\"9.234857178055654\" data-angle=\"0\" data-font-name=\"Helvetica\">Dla beneficjent\u00f3w z siedzib\u0105 w powiecie M\u00e4rkisch-Oderland i Oder-Spree, jak i mie\u015bcie Frankfurt nad Odr\u0105:<\/div>\n<div data-canvas-width=\"134.76912076033017\" data-angle=\"0\" data-font-name=\"Helvetica\">Mittlere Oder e.V.<\/div>\n<div data-canvas-width=\"93.21226345907971\" data-angle=\"0\" data-font-name=\"Helvetica\">Holzmarkt 7<\/div>\n<div data-canvas-width=\"191.98869446249148\" data-angle=\"0\" data-font-name=\"Helvetica\">D-15230 Frankfurt (Oder)<\/div>\n<div data-canvas-width=\"202.66857425653785\" data-angle=\"0\" data-font-name=\"Helvetica\">Fon: (+49) 0335\/ 66 594 -0<\/div>\n<div data-canvas-width=\"210.97330193464543\" data-angle=\"0\" data-font-name=\"Helvetica\">Fax: (+49) 0335\/ 66 594 -20<\/div>\n<div data-canvas-width=\"270.7009033955953\" data-angle=\"0\" data-font-name=\"Helvetica\">E-Mail: info@euroregion-viadrina.eu<\/div>\n<div data-canvas-width=\"65.55752029098139\" data-angle=\"0\" data-font-name=\"Helvetica\">Internet:<\/div>\n<div data-canvas-width=\"206.7545002741668\" data-angle=\"0\" data-font-name=\"Helvetica\">www.euroregion-viadrina.de<\/div>\n<div data-canvas-width=\"206.7545002741668\" data-angle=\"0\" data-font-name=\"Helvetica\"><\/div>\n<div data-canvas-width=\"206.7545002741668\" data-angle=\"0\" data-font-name=\"Helvetica\">\n<div data-canvas-width=\"25.844312534270856\" data-angle=\"0\" data-font-name=\"Helvetica\">Dla beneficjent\u00f3w z siedzib\u0105 w powiatach kro\u015bnie\u0144skim, nowosolskim, \u015bwiebodzi\u0144skim, wschowskim, zielonog\u00f3rskim, \u017caga\u0144skim, \u017carskim oraz mie\u015bcie<\/div>\n<\/div>\n<div data-canvas-width=\"9.234857178055654\" data-angle=\"0\" data-font-name=\"Helvetica\">Zielona G\u00f3ra oraz gminach Cybinka, Torzym i Zb\u0105szy\u0144:<\/div>\n<div data-canvas-width=\"192.90221450708336\" data-angle=\"0\" data-font-name=\"Helvetica\">Stowarzyszenie Gmin RP<\/div>\n<div data-canvas-width=\"242.54787656681057\" data-angle=\"0\" data-font-name=\"Helvetica\">Euroregion &#8220;Sprewa-Nysa-B\u00f3br&#8221;<\/div>\n<div data-canvas-width=\"133.8556007157383\" data-angle=\"0\" data-font-name=\"Helvetica\">ul. Piastowska 18<\/div>\n<div data-canvas-width=\"140.33328830466223\" data-angle=\"0\" data-font-name=\"Helvetica\">PL &#8211; 66-620 Gubin<\/div>\n<div data-canvas-width=\"172.2234425885954\" data-angle=\"0\" data-font-name=\"Helvetica\">Fon: +48 68 455 80 50<\/div>\n<div data-canvas-width=\"171.29331308864732\" data-angle=\"0\" data-font-name=\"Helvetica\">Fax: +48 68 455 80 50<\/div>\n<div data-canvas-width=\"233.77808413872881\" data-angle=\"0\" data-font-name=\"Helvetica\">E-Mail: info@euroregion-snb.pl<\/div>\n<div data-canvas-width=\"240.00662989730952\" data-angle=\"0\" data-font-name=\"Helvetica\">Internet: www.euroregion-snb.pl<\/div>\n<div data-canvas-width=\"9.234857178055654\" data-angle=\"0\" data-font-name=\"g_font_2\"><\/div>\n<div data-canvas-width=\"112.59549785978285\" data-angle=\"0\" data-font-name=\"Helvetica\">Dla beneficjent\u00f3w z siedzib\u0105 w powiatach gorzowskim, mi\u0119dzyrzeckim, s\u0142ubickim, strzelecko-drezdeneckim, sul\u0119ci\u0144skim (z wyj\u0105tkiem gminy Torzym) oraz mie\u015bcie Gorz\u00f3w Wlkp.:<\/div>\n<div data-canvas-width=\"85.28955325416506\" data-angle=\"0\" data-font-name=\"Helvetica\">Stowarzyszenie Gmin Polskich Euroregionu \u201ePro Europa Viadrina&#8221;<\/div>\n<div data-canvas-width=\"85.28955325416506\" data-angle=\"0\" data-font-name=\"Helvetica\">Ulica \u0141okietka 22<\/div>\n<div data-canvas-width=\"83.08049569178843\" data-angle=\"0\" data-font-name=\"Helvetica\">\n<p>PL-66-400 Gorz\u00f3w Wlkp.<\/p>\n<\/div>\n<div data-canvas-width=\"192.52019703389035\" data-angle=\"0\" data-font-name=\"Helvetica\">Fon: (+48) 95 \/ 735 84 47<\/div>\n<div data-canvas-width=\"191.59006753394232\" data-angle=\"0\" data-font-name=\"Helvetica\">Fax: (+48) 95 \/ 735 84 61<\/div>\n<div data-canvas-width=\"265.15334530661937\" data-angle=\"0\" data-font-name=\"Helvetica\">E-Mail: info@euroregion-viadrina.pl<\/div>\n<div data-canvas-width=\"271.3818910652\" data-angle=\"0\" data-font-name=\"Helvetica\">Internet: www.euroregion-viadrina.pl<\/div>\n","protected":false},"excerpt":{"rendered":"<p>Dla ma\u0142ych projekt\u00f3w przyznawana b\u0119dzie kwota dofinansowania w wysoko\u015bci do 25.000 EUR (EFRR). Ca\u0142kowita warto\u015b\u0107 bud\u017cetu ma\u0142ego projektu nie mo\u017ce przekroczy\u0107 35.000 EUR. Euroregiony Pro Europa Viadrina i Sprewa-Nysa-B\u00f3br prowadz\u0105 doradztwo, wspieraj\u0105 oraz szkol\u0105 wnioskodawc\u00f3w przy opracowaniu wniosku od momentu powstania pomys\u0142u, z\u0142o\u017cenia wniosku, poprzez jego zatwierdzenie przez w\u0142a\u015bciw\u0105 Euroregionaln\u0105 Komisj\u0119 Oceniaj\u0105c\u0105 (EKO) i realizacj\u0119 [&hellip;]<\/p>\n","protected":false},"author":66,"featured_media":0,"parent":0,"menu_order":0,"comment_status":"closed","ping_status":"closed","template":"","meta":{"site-sidebar-layout":"default","site-content-layout":"","ast-site-content-layout":"","site-content-style":"default","site-sidebar-style":"default","ast-global-header-display":"","ast-banner-title-visibility":"","ast-main-header-display":"","ast-hfb-above-header-display":"","ast-hfb-below-header-display":"","ast-hfb-mobile-header-display":"","site-post-title":"","ast-breadcrumbs-content":"","ast-featured-img":"","footer-sml-layout":"","theme-transparent-header-meta":"","adv-header-id-meta":"","stick-header-meta":"","header-above-stick-meta":"","header-main-stick-meta":"","header-below-stick-meta":"","astra-migrate-meta-layouts":"default","ast-page-background-enabled":"default","ast-page-background-meta":{"desktop":{"background-color":"","background-image":"","background-repeat":"repeat","background-position":"center center","background-size":"auto","background-attachment":"scroll","background-type":"","background-media":"","overlay-type":"","overlay-color":"","overlay-opacity":"","overlay-gradient":""},"tablet":{"background-color":"","background-image":"","background-repeat":"repeat","background-position":"center center","background-size":"auto","background-attachment":"scroll","background-type":"","background-media":"","overlay-type":"","overlay-color":"","overlay-opacity":"","overlay-gradient":""},"mobile":{"background-color":"","background-image":"","background-repeat":"repeat","background-position":"center center","background-size":"auto","background-attachment":"scroll","background-type":"","background-media":"","overlay-type":"","overlay-color":"","overlay-opacity":"","overlay-gradient":""}},"ast-content-background-meta":{"desktop":{"background-color":"var(--ast-global-color-5)","background-image":"","background-repeat":"repeat","background-position":"center center","background-size":"auto","background-attachment":"scroll","background-type":"","background-media":"","overlay-type":"","overlay-color":"","overlay-opacity":"","overlay-gradient":""},"tablet":{"background-color":"var(--ast-global-color-5)","background-image":"","background-repeat":"repeat","background-position":"center center","background-size":"auto","background-attachment":"scroll","background-type":"","background-media":"","overlay-type":"","overlay-color":"","overlay-opacity":"","overlay-gradient":""},"mobile":{"background-color":"var(--ast-global-color-5)","background-image":"","background-repeat":"repeat","background-position":"center center","background-size":"auto","background-attachment":"scroll","background-type":"","background-media":"","overlay-type":"","overlay-color":"","overlay-opacity":"","overlay-gradient":""}},"footnotes":""},"class_list":["post-822","page","type-page","status-publish","hentry"],"_links":{"self":[{"href":"https:\/\/interregva-bb-pl.eu\/pl\/wp-json\/wp\/v2\/pages\/822"}],"collection":[{"href":"https:\/\/interregva-bb-pl.eu\/pl\/wp-json\/wp\/v2\/pages"}],"about":[{"href":"https:\/\/interregva-bb-pl.eu\/pl\/wp-json\/wp\/v2\/types\/page"}],"author":[{"embeddable":true,"href":"https:\/\/interregva-bb-pl.eu\/pl\/wp-json\/wp\/v2\/users\/66"}],"replies":[{"embeddable":true,"href":"https:\/\/interregva-bb-pl.eu\/pl\/wp-json\/wp\/v2\/comments?post=822"}],"version-history":[{"count":3,"href":"https:\/\/interregva-bb-pl.eu\/pl\/wp-json\/wp\/v2\/pages\/822\/revisions"}],"predecessor-version":[{"id":4041,"href":"https:\/\/interregva-bb-pl.eu\/pl\/wp-json\/wp\/v2\/pages\/822\/revisions\/4041"}],"wp:attachment":[{"href":"https:\/\/interregva-bb-pl.eu\/pl\/wp-json\/wp\/v2\/media?parent=822"}],"curies":[{"name":"wp","href":"https:\/\/api.w.org\/{rel}","templated":true}]}}