{"id":826,"date":"2016-03-18T14:14:11","date_gmt":"2016-03-18T13:14:11","guid":{"rendered":"http:\/\/interregva-bb-pl.eu\/pl\/?page_id=826"},"modified":"2022-12-16T04:33:52","modified_gmt":"2022-12-16T11:33:52","slug":"publikacje","status":"publish","type":"page","link":"https:\/\/interregva-bb-pl.eu\/pl\/publikacje\/","title":{"rendered":"Publikacje"},"content":{"rendered":"<p>&nbsp;<\/p>\n<p><a href=\"http:\/\/interregva-bb-pl.eu\/wp-content\/uploads\/2018\/05\/Broszura.pdf\">Broszura informacyjna Program Wsp\u00f3\u0142pracy INTERREG V A Brandenburgia &#8211; Polska 2014-2020 (2018)<\/a><\/p>\n<p><a href=\"https:\/\/interregva-bb-pl.eu\/wp-content\/uploads\/2021\/06\/21_6_16_WEB_Broschure_Interreg.pdf\">Broszura informacyjna Program Wsp\u00f3\u0142pracy INTERREG V A Brandenburgia &#8211; Polska 2014-2020 (2021)<\/a><\/p>\n<p><a href=\"https:\/\/interregva-bb-pl.eu\/wp-content\/uploads\/2021\/06\/21_6_15_Barrierefreie-Broschuere.pdf\">Broszura informacyjna Program Wsp\u00f3\u0142pracy INTERREG V A Brandenburgia &#8211; Polska 2014-2020 (2021)<\/a>\u2013 <em>wersja\u00a0zgodna z zasadami dost\u0119pno\u015bci (mo\u017ce zosta\u0107 odczytana przez osoby niewidome lub s\u0142abowidz\u0105ce przy u\u017cyciu czytnika)<br \/>\n<\/em><\/p>\n<p><a href=\"http:\/\/interregva-bb-pl.eu\/wp-content\/uploads\/2018\/05\/PL_Newsletter_Maj_InterregVA-BB-PL_1.pdf\">(2) Newsletter Maj 2018 \/ InterregVA BB-PL<\/a><\/p>\n<p><a href=\"http:\/\/interregva-bb-pl.eu\/wp-content\/uploads\/2019\/01\/PL_3_Newsletter-INTERREG-BB_PL.pdf\">(3) Newsletter s<span class=\"st\">tycze\u0144 2019\/InterregVA BB-PL<\/span><\/a><\/p>\n<p><span class=\"st\"><a href=\"https:\/\/interregva-bb-pl.eu\/wp-content\/uploads\/2019\/09\/PL_Newsletter_F.pdf\">(4) Newsletter wrzesie\u0144 2019\/InterregVA BB-PL<\/a><\/span><\/p>\n<p><span class=\"st\"><a href=\"https:\/\/interregva-bb-pl.eu\/wp-content\/uploads\/2019\/12\/19_12_PL_Newsletter.pdf\">(5) Newsletter grudzie\u0144 2019\/InterregVA BB-PL<\/a><\/span><\/p>\n<p><a href=\"https:\/\/interregva-bb-pl.eu\/wp-content\/uploads\/2020\/06\/Newsletter-PL_czerwiec.pdf\" target=\"_blank\" rel=\"noopener noreferrer\">(6) Newsletter czerwiec 2020\/ Interreg VA BB-PL<\/a><\/p>\n<p><a href=\"https:\/\/interregva-bb-pl.eu\/wp-content\/uploads\/2020\/12\/Newsletter-PL_grudzien2020.pdf\" target=\"_blank\" rel=\"noopener noreferrer\">(7) Newsletter grudzie<\/a><a href=\"https:\/\/interregva-bb-pl.eu\/wp-content\/uploads\/2019\/12\/19_12_PL_Newsletter.pdf\">\u0144<\/a> <a href=\"https:\/\/interregva-bb-pl.eu\/wp-content\/uploads\/2020\/12\/Newsletter-PL_grudzien2020.pdf\">2020\/ Interreg VA BB-PL<\/a><\/p>\n<p data-wahfont=\"15\"><a href=\"https:\/\/interregva-bb-pl.eu\/wp-content\/uploads\/2021\/12\/Newsletter-PL_23.12.2021.pdf\" target=\"_blank\" rel=\"noopener\">(8) Newsletter grudzie\u0144 2021\/ Interreg VA BB-PL<\/a><\/p>\n<p data-wahfont=\"15\"><a href=\"https:\/\/interregva-bb-pl.eu\/wp-content\/uploads\/2022\/12\/Newsletter-grudzien-2022.pdf\">(9) Newsletter grudzie\u0144 2022\/ Interreg VA BB-PL<\/a><\/p>\n<p><img loading=\"lazy\" decoding=\"async\" class=\"alignright wp-image-3642 \" src=\"http:\/\/interregva-bb-pl.eu\/wp-content\/uploads\/2015\/10\/Bild_Promo2-225x300.jpg\" alt=\"\" width=\"313\" height=\"417\" srcset=\"https:\/\/interregva-bb-pl.eu\/wp-content\/uploads\/2015\/10\/Bild_Promo2-225x300.jpg 225w, https:\/\/interregva-bb-pl.eu\/wp-content\/uploads\/2015\/10\/Bild_Promo2-113x150.jpg 113w, https:\/\/interregva-bb-pl.eu\/wp-content\/uploads\/2015\/10\/Bild_Promo2-768x1024.jpg 768w, https:\/\/interregva-bb-pl.eu\/wp-content\/uploads\/2015\/10\/Bild_Promo2.jpg 1536w\" sizes=\"(max-width: 313px) 100vw, 313px\" \/><\/p>\n<p><a href=\"http:\/\/interregva-bb-pl.eu\/wp-content\/uploads\/2016\/04\/KartemitLegende.jpg\" target=\"_blank\" rel=\"noopener noreferrer\">Karta obszaru wsparcia<\/a><\/p>\n<p><a href=\"http:\/\/interregva-bb-pl.eu\/kalender\/\">Kalendarz 2017<\/a>\/<a href=\"http:\/\/interregva-bb-pl.eu\/wp-content\/uploads\/2017\/01\/MJEV-1656-001-Jahreskalender-2017_web.pdf\">Kalendarz 2017 als pdf<\/a><\/p>\n<p>&nbsp;<\/p>\n<p>&nbsp;<\/p>\n","protected":false},"excerpt":{"rendered":"<p>&nbsp; Broszura informacyjna Program Wsp\u00f3\u0142pracy INTERREG V A Brandenburgia &#8211; Polska 2014-2020 (2018) Broszura informacyjna Program Wsp\u00f3\u0142pracy INTERREG V A Brandenburgia &#8211; Polska 2014-2020 (2021) Broszura informacyjna Program Wsp\u00f3\u0142pracy INTERREG V A Brandenburgia &#8211; Polska 2014-2020 (2021)\u2013 wersja\u00a0zgodna z zasadami dost\u0119pno\u015bci (mo\u017ce zosta\u0107 odczytana przez osoby niewidome lub s\u0142abowidz\u0105ce przy u\u017cyciu czytnika) (2) Newsletter Maj [&hellip;]<\/p>\n","protected":false},"author":66,"featured_media":7611,"parent":0,"menu_order":0,"comment_status":"closed","ping_status":"closed","template":"","meta":{"site-sidebar-layout":"default","site-content-layout":"default","ast-site-content-layout":"","site-content-style":"default","site-sidebar-style":"default","ast-global-header-display":"","ast-banner-title-visibility":"","ast-main-header-display":"","ast-hfb-above-header-display":"","ast-hfb-below-header-display":"","ast-hfb-mobile-header-display":"","site-post-title":"","ast-breadcrumbs-content":"","ast-featured-img":"","footer-sml-layout":"","theme-transparent-header-meta":"default","adv-header-id-meta":"","stick-header-meta":"","header-above-stick-meta":"","header-main-stick-meta":"","header-below-stick-meta":"","astra-migrate-meta-layouts":"default","ast-page-background-enabled":"default","ast-page-background-meta":{"desktop":{"background-color":"","background-image":"","background-repeat":"repeat","background-position":"center center","background-size":"auto","background-attachment":"scroll","background-type":"","background-media":"","overlay-type":"","overlay-color":"","overlay-opacity":"","overlay-gradient":""},"tablet":{"background-color":"","background-image":"","background-repeat":"repeat","background-position":"center center","background-size":"auto","background-attachment":"scroll","background-type":"","background-media":"","overlay-type":"","overlay-color":"","overlay-opacity":"","overlay-gradient":""},"mobile":{"background-color":"","background-image":"","background-repeat":"repeat","background-position":"center center","background-size":"auto","background-attachment":"scroll","background-type":"","background-media":"","overlay-type":"","overlay-color":"","overlay-opacity":"","overlay-gradient":""}},"ast-content-background-meta":{"desktop":{"background-color":"var(--ast-global-color-5)","background-image":"","background-repeat":"repeat","background-position":"center center","background-size":"auto","background-attachment":"scroll","background-type":"","background-media":"","overlay-type":"","overlay-color":"","overlay-opacity":"","overlay-gradient":""},"tablet":{"background-color":"var(--ast-global-color-5)","background-image":"","background-repeat":"repeat","background-position":"center center","background-size":"auto","background-attachment":"scroll","background-type":"","background-media":"","overlay-type":"","overlay-color":"","overlay-opacity":"","overlay-gradient":""},"mobile":{"background-color":"var(--ast-global-color-5)","background-image":"","background-repeat":"repeat","background-position":"center center","background-size":"auto","background-attachment":"scroll","background-type":"","background-media":"","overlay-type":"","overlay-color":"","overlay-opacity":"","overlay-gradient":""}},"footnotes":""},"class_list":["post-826","page","type-page","status-publish","has-post-thumbnail","hentry"],"_links":{"self":[{"href":"https:\/\/interregva-bb-pl.eu\/pl\/wp-json\/wp\/v2\/pages\/826"}],"collection":[{"href":"https:\/\/interregva-bb-pl.eu\/pl\/wp-json\/wp\/v2\/pages"}],"about":[{"href":"https:\/\/interregva-bb-pl.eu\/pl\/wp-json\/wp\/v2\/types\/page"}],"author":[{"embeddable":true,"href":"https:\/\/interregva-bb-pl.eu\/pl\/wp-json\/wp\/v2\/users\/66"}],"replies":[{"embeddable":true,"href":"https:\/\/interregva-bb-pl.eu\/pl\/wp-json\/wp\/v2\/comments?post=826"}],"version-history":[{"count":23,"href":"https:\/\/interregva-bb-pl.eu\/pl\/wp-json\/wp\/v2\/pages\/826\/revisions"}],"predecessor-version":[{"id":17436,"href":"https:\/\/interregva-bb-pl.eu\/pl\/wp-json\/wp\/v2\/pages\/826\/revisions\/17436"}],"wp:featuredmedia":[{"embeddable":true,"href":"https:\/\/interregva-bb-pl.eu\/pl\/wp-json\/wp\/v2\/media\/7611"}],"wp:attachment":[{"href":"https:\/\/interregva-bb-pl.eu\/pl\/wp-json\/wp\/v2\/media?parent=826"}],"curies":[{"name":"wp","href":"https:\/\/api.w.org\/{rel}","templated":true}]}}