{"id":840,"date":"2016-03-18T14:18:15","date_gmt":"2016-03-18T13:18:15","guid":{"rendered":"http:\/\/interregva-bb-pl.eu\/pl\/?page_id=840"},"modified":"2021-01-06T09:02:13","modified_gmt":"2021-01-06T16:02:13","slug":"dzialania-informacyjno-promocyjne","status":"publish","type":"page","link":"https:\/\/interregva-bb-pl.eu\/pl\/dzialania-informacyjno-promocyjne\/","title":{"rendered":"Dzia\u0142ania informacyjno-promocyjne"},"content":{"rendered":"<p>&nbsp;<\/p>\n<table>\n<tbody>\n<tr>\n<td width=\"385\">\n<p style=\"text-align: justify;\">Dzia\u0142alno\u015b\u0107 informacyjno-promocyjna s\u0142u\u017cy przede wszystkim pokazywaniu i rozpowszechnianiu informacji o rezultatach dzia\u0142a\u0144 realizowanych w ramach programu. W dokumencie <a href=\"http:\/\/interregva-bb-pl.eu\/wp-content\/uploads\/2018\/04\/18_03_Strategia_komunikacji_.pdf\" target=\"_blank\" rel=\"noopener noreferrer\">Strategia Komunikacji Programu Wsp\u00f3\u0142pracy Polska-Brandenburgia 2014-2020<\/a> \u00a0 opisano szczeg\u00f3\u0142owo spos\u00f3b post\u0119powania i zasady przekazywania informacji grupom docelowym. Do grup docelowych nale\u017c\u0105: potencjalni wnioskodawcy, beneficjenci, osoby opiniotw\u00f3rcze i aktywne podmioty wsp\u00f3\u0142pracy transgranicznej oraz szeroko poj\u0119ta publiczno\u015b\u0107.<\/p>\n<p style=\"text-align: justify;\"><strong>Osoba odpowiedzialna za informacj\u0119 i komunikacj\u0119:<\/strong><\/p>\n<p style=\"text-align: justify;\">Pani Martyna Adamczyk<\/p>\n<p style=\"text-align: justify;\">Ministerstwo Finans\u00f3w i Spraw Europejskich Kraju Zwi\u0105zkowego Brandenburgia<br \/>\nWydzia\u0142 53 \u2013 Europejska Wsp\u00f3\u0142praca Terytorialna (INTERREG)<\/p>\n<p style=\"text-align: justify;\">Heinrich-Mann-Allee 107<br \/>\n14473 Poczdam<br \/>\nNiemcy<\/p>\n<p>Telefon: +49 (0) 331 866 6573<br \/>\nE-Mail: <a href=\"mailto:martyna.adamczyk@mdfe.brandenburg.de\">martyna.adamczyk@mdfe.brandenburg.de<\/a><\/p>\n<p>&nbsp;<\/p>\n<h4>Dokumenty<\/h4>\n<p><a href=\"https:\/\/interregva-bb-pl.eu\/wp-content\/uploads\/2021\/01\/F_K__20_06_PL_KP-1.pdf\" target=\"_blank\" rel=\"noopener\">Strategia Komunikacji (Stan: maj 2020)<\/a><\/p>\n<p><a href=\"http:\/\/interregva-bb-pl.eu\/wp-content\/uploads\/2018\/04\/18_03_Strategia_komunikacji_.pdf\" target=\"_blank\" rel=\"noopener noreferrer\">Strategia Komunikacji<\/a><\/p>\n<p><a href=\"http:\/\/interregva-bb-pl.eu\/wp-content\/uploads\/2018\/03\/Luty_Informacja-info-promocja_PL.pdf\">&#8220;Informacja&#8221;: Przepisy o Informacji i komunikacji<\/a><\/p>\n<p><a href=\"http:\/\/interregva-bb-pl.eu\/wp-content\/uploads\/2018\/03\/Wskazowki_pdf.pdf\">Wskaz\u00f3wki do dokumentu &#8220;Informacja&#8221;: Przepisy o Informacji i komunikacji<\/a><\/p>\n<h4>Logo<\/h4>\n<ul>\n<li><a href=\"http:\/\/interregva-bb-pl.eu\/wp-content\/uploads\/2015\/10\/EU_Logo.zip\">Flaga UE<\/a><\/li>\n<li><a href=\"http:\/\/interregva-bb-pl.eu\/wp-content\/uploads\/2015\/10\/INTERREG_VA-Logo.zip\">INTERREG_VA-Logo<\/a><\/li>\n<li><a href=\"http:\/\/interregva-bb-pl.eu\/wp-content\/uploads\/2015\/10\/Kombi_logo.zip\">Kombinacja logotyp\u00f3w<\/a><\/li>\n<\/ul>\n<\/td>\n<td width=\"154\">\n<p style=\"padding-left: 30px;\"><strong>\u00a0Dalsze informacje:<\/strong><\/p>\n<ul>\n<li><a href=\"http:\/\/interregva-bb-pl.eu\/wp-content\/uploads\/2018\/04\/18_03_Strategia_komunikacji_.pdf\" target=\"_blank\" rel=\"noopener noreferrer\">Przepisy o Informacji i Promocji<\/a><\/li>\n<li><a href=\"http:\/\/interregva-bb-pl.eu\/pl\/publikacje\/\">Publikacje<\/a><\/li>\n<li><a href=\"http:\/\/interregva-bb-pl.eu\/pl\/notatki-prasowe\/\">Notatki prasowe<\/a><\/li>\n<li><a href=\"http:\/\/interregva-bb-pl.eu\/pl\/publikacje\/galeria-zdjec\/\">Galeria zdj\u0119\u0107<\/a><\/li>\n<li><a href=\"http:\/\/interregva-bb-pl.eu\/pl\/6022-2\/\">Wydarzenie roczne 2018<\/a><\/li>\n<\/ul>\n<\/td>\n<\/tr>\n<\/tbody>\n<\/table>\n<p>&nbsp;<\/p>\n<p>&nbsp;<\/p>\n<p>&nbsp;<\/p>\n<p>&nbsp;<\/p>\n<p>&nbsp;<\/p>\n<p>&nbsp;<\/p>\n","protected":false},"excerpt":{"rendered":"<p>&nbsp; Dzia\u0142alno\u015b\u0107 informacyjno-promocyjna s\u0142u\u017cy przede wszystkim pokazywaniu i rozpowszechnianiu informacji o rezultatach dzia\u0142a\u0144 realizowanych w ramach programu. W dokumencie Strategia Komunikacji Programu Wsp\u00f3\u0142pracy Polska-Brandenburgia 2014-2020 \u00a0 opisano szczeg\u00f3\u0142owo spos\u00f3b post\u0119powania i zasady przekazywania informacji grupom docelowym. Do grup docelowych nale\u017c\u0105: potencjalni wnioskodawcy, beneficjenci, osoby opiniotw\u00f3rcze i aktywne podmioty wsp\u00f3\u0142pracy transgranicznej oraz szeroko poj\u0119ta publiczno\u015b\u0107. Osoba [&hellip;]<\/p>\n","protected":false},"author":66,"featured_media":3642,"parent":0,"menu_order":0,"comment_status":"closed","ping_status":"closed","template":"","meta":{"site-sidebar-layout":"default","site-content-layout":"default","ast-site-content-layout":"","site-content-style":"default","site-sidebar-style":"default","ast-global-header-display":"","ast-banner-title-visibility":"","ast-main-header-display":"","ast-hfb-above-header-display":"","ast-hfb-below-header-display":"","ast-hfb-mobile-header-display":"","site-post-title":"","ast-breadcrumbs-content":"","ast-featured-img":"","footer-sml-layout":"","theme-transparent-header-meta":"default","adv-header-id-meta":"","stick-header-meta":"","header-above-stick-meta":"","header-main-stick-meta":"","header-below-stick-meta":"","astra-migrate-meta-layouts":"default","ast-page-background-enabled":"default","ast-page-background-meta":{"desktop":{"background-color":"","background-image":"","background-repeat":"repeat","background-position":"center center","background-size":"auto","background-attachment":"scroll","background-type":"","background-media":"","overlay-type":"","overlay-color":"","overlay-opacity":"","overlay-gradient":""},"tablet":{"background-color":"","background-image":"","background-repeat":"repeat","background-position":"center center","background-size":"auto","background-attachment":"scroll","background-type":"","background-media":"","overlay-type":"","overlay-color":"","overlay-opacity":"","overlay-gradient":""},"mobile":{"background-color":"","background-image":"","background-repeat":"repeat","background-position":"center center","background-size":"auto","background-attachment":"scroll","background-type":"","background-media":"","overlay-type":"","overlay-color":"","overlay-opacity":"","overlay-gradient":""}},"ast-content-background-meta":{"desktop":{"background-color":"var(--ast-global-color-5)","background-image":"","background-repeat":"repeat","background-position":"center center","background-size":"auto","background-attachment":"scroll","background-type":"","background-media":"","overlay-type":"","overlay-color":"","overlay-opacity":"","overlay-gradient":""},"tablet":{"background-color":"var(--ast-global-color-5)","background-image":"","background-repeat":"repeat","background-position":"center center","background-size":"auto","background-attachment":"scroll","background-type":"","background-media":"","overlay-type":"","overlay-color":"","overlay-opacity":"","overlay-gradient":""},"mobile":{"background-color":"var(--ast-global-color-5)","background-image":"","background-repeat":"repeat","background-position":"center center","background-size":"auto","background-attachment":"scroll","background-type":"","background-media":"","overlay-type":"","overlay-color":"","overlay-opacity":"","overlay-gradient":""}},"footnotes":""},"class_list":["post-840","page","type-page","status-publish","has-post-thumbnail","hentry"],"_links":{"self":[{"href":"https:\/\/interregva-bb-pl.eu\/pl\/wp-json\/wp\/v2\/pages\/840"}],"collection":[{"href":"https:\/\/interregva-bb-pl.eu\/pl\/wp-json\/wp\/v2\/pages"}],"about":[{"href":"https:\/\/interregva-bb-pl.eu\/pl\/wp-json\/wp\/v2\/types\/page"}],"author":[{"embeddable":true,"href":"https:\/\/interregva-bb-pl.eu\/pl\/wp-json\/wp\/v2\/users\/66"}],"replies":[{"embeddable":true,"href":"https:\/\/interregva-bb-pl.eu\/pl\/wp-json\/wp\/v2\/comments?post=840"}],"version-history":[{"count":17,"href":"https:\/\/interregva-bb-pl.eu\/pl\/wp-json\/wp\/v2\/pages\/840\/revisions"}],"predecessor-version":[{"id":13578,"href":"https:\/\/interregva-bb-pl.eu\/pl\/wp-json\/wp\/v2\/pages\/840\/revisions\/13578"}],"wp:featuredmedia":[{"embeddable":true,"href":"https:\/\/interregva-bb-pl.eu\/pl\/wp-json\/wp\/v2\/media\/3642"}],"wp:attachment":[{"href":"https:\/\/interregva-bb-pl.eu\/pl\/wp-json\/wp\/v2\/media?parent=840"}],"curies":[{"name":"wp","href":"https:\/\/api.w.org\/{rel}","templated":true}]}}