{"id":844,"date":"2016-03-18T14:20:33","date_gmt":"2016-03-18T13:20:33","guid":{"rendered":"http:\/\/interregva-bb-pl.eu\/pl\/?page_id=844"},"modified":"2021-11-16T02:45:34","modified_gmt":"2021-11-16T09:45:34","slug":"notatki-prasowe","status":"publish","type":"page","link":"https:\/\/interregva-bb-pl.eu\/pl\/notatki-prasowe\/","title":{"rendered":"Notatki prasowe"},"content":{"rendered":"<p><span style=\"font-size: 21px;\"><strong>Notatki prasowe w polskich mediach:<\/strong><\/span><\/p>\n<p>Komunikat Prasowy MdFE &#8211; 10.11.2021 &#8211; <a href=\"https:\/\/interregva-bb-pl.eu\/wp-content\/uploads\/2021\/11\/21_11_16_Informacja-prasowa.pdf\"><strong>Minister Lange: Rozw\u00f3j dobros\u0105siedzkich kontakt\u00f3w na pograniczu brandenbursko-polskim dzi\u0119ki projektom Programu INTERREG<\/strong><\/a><\/p>\n<p>Komunikat Prasowy MdFE &#8211; 05.02.2020 &#8211; <a href=\"https:\/\/interregva-bb-pl.eu\/wp-content\/uploads\/2020\/02\/PL_PM_MdFE_Antrittsbesuch_pol.pdf\"><strong>Wizyta inauguracyjna: Sekretarz Stanu ds. Europejskich podkre\u015bla znaczenie wsp\u00f3\u0142pracy pomi\u0119dzy Brandenburgi\u0105 a Wojew\u00f3dztwem Lubuskim<\/strong><\/a><\/p>\n<p><a href=\"http:\/\/www.naszemiasto.pl\" class=\"broken_link\">www.naszemiasto.pl<\/a> &#8211; 31.10.2019 &#8211; <a href=\"https:\/\/interregva-bb-pl.eu\/wp-content\/uploads\/2020\/01\/Artyku\u0142-gazeta.pdf\"><strong>Joannici \u2013 historia ponad granica<\/strong><\/a><\/p>\n<p>Gazeta Lubuska &#8211; 27.10.2019- <strong><a href=\"https:\/\/interregva-bb-pl.eu\/wp-content\/uploads\/2020\/01\/Dobiegniew.pdf\">Wsp\u00f3lna pami\u0119\u0107<\/a><\/strong><\/p>\n<p><a href=\"http:\/\/www.naszemiasto.pl\" class=\"broken_link\">www.naszemiasto.pl<\/a> &#8211; 26.09.2019 &#8211; <a href=\"https:\/\/interregva-bb-pl.eu\/wp-content\/uploads\/2020\/01\/Reklama-GL_seniorzy263x151.pdf\"><strong> Integracja senior\u00f3w i os\u00f3b niepe\u0142nosprawnych<\/strong><\/a><\/p>\n<p><a href=\"http:\/\/www.naszemiasto.pl\" class=\"broken_link\">www.naszemiasto.pl- <\/a>26.09.2019 &#8211;<a href=\"https:\/\/interregva-bb-pl.eu\/wp-content\/uploads\/2020\/01\/Reklama-GL_szlaki-rowerowe263x151.pdf\"><strong>Gorz\u00f3w na rowerowym szlaku stolic<\/strong><\/a><\/p>\n<p>Gazeta Lubuska &#8211; 29.09.2019 &#8211; <a href=\"https:\/\/interregva-bb-pl.eu\/wp-content\/uploads\/2020\/01\/Reklama-GL_MRU-263x151.pdf\"><strong>Na szlaku wsp\u00f3lnej historii<\/strong><\/a><\/p>\n<p>Komunikat Prasowy MdJEV &#8211; <a href=\"https:\/\/interregva-bb-pl.eu\/wp-content\/uploads\/2019\/05\/PM-INTERREG-Jahresveranstaltung-2019_pl.pdf\" target=\"_blank\" rel=\"noopener noreferrer\"><strong>Wydarzenie Roczne 2019<\/strong><\/a><\/p>\n<p>Gazeta Lubuska -18.10.2018<a href=\"https:\/\/gazetalubuska.pl\/wspolnie-z-niemcami-szkolimy-fachowcow-branzy-gastronomicznej\/ar\/13597542\" class=\"broken_link\">&#8211;<strong>Wsp\u00f3lnie z Niemcami szkolimy fachowc\u00f3w bran\u017cy gastronomicznej<\/strong><\/a><\/p>\n<p class=\"art-title\"><strong>\u00a0<\/strong><strong>Uwaga! Aktualne wiadomo\u015bci w j. polskim<\/strong> o post\u0119pach w realizacji PW Interreg VA BB-PL 2014-2020 s\u0105 regularnie redagowane przez pracownik\u00f3w Regionalnego Punktu Kontaktowego w Zielonej G\u00f3rze i publikowane na stronie internetowej Urz\u0119du Marsza\u0142kowskiego Wojew\u00f3dztwa Lubuskiego: <a href=\"http:\/\/lubuskie.pl\/index.php?mact=News,m740c2,default,1&amp;m740c2number=10&amp;m740c2category=Interreg%2A&amp;m740c2summarytemplate=bootstrap-kategoria&amp;m740c2detailpage=806&amp;m740c2detailtemplate=news-bootstrap&amp;m740c2pagenumber=2&amp;m740c2returnid=953&amp;strona=953\">Link<\/a><\/p>\n<p>&nbsp;<\/p>\n<p>&nbsp;<\/p>\n<p>&nbsp;<\/p>\n<p>&nbsp;<\/p>\n","protected":false},"excerpt":{"rendered":"<p>Notatki prasowe w polskich mediach: Komunikat Prasowy MdFE &#8211; 10.11.2021 &#8211; Minister Lange: Rozw\u00f3j dobros\u0105siedzkich kontakt\u00f3w na pograniczu brandenbursko-polskim dzi\u0119ki projektom Programu INTERREG Komunikat Prasowy MdFE &#8211; 05.02.2020 &#8211; Wizyta inauguracyjna: Sekretarz Stanu ds. Europejskich podkre\u015bla znaczenie wsp\u00f3\u0142pracy pomi\u0119dzy Brandenburgi\u0105 a Wojew\u00f3dztwem Lubuskim www.naszemiasto.pl &#8211; 31.10.2019 &#8211; Joannici \u2013 historia ponad granica Gazeta Lubuska &#8211; [&hellip;]<\/p>\n","protected":false},"author":66,"featured_media":15931,"parent":0,"menu_order":0,"comment_status":"closed","ping_status":"closed","template":"","meta":{"site-sidebar-layout":"default","site-content-layout":"default","ast-site-content-layout":"","site-content-style":"default","site-sidebar-style":"default","ast-global-header-display":"","ast-banner-title-visibility":"","ast-main-header-display":"","ast-hfb-above-header-display":"","ast-hfb-below-header-display":"","ast-hfb-mobile-header-display":"","site-post-title":"","ast-breadcrumbs-content":"","ast-featured-img":"","footer-sml-layout":"","theme-transparent-header-meta":"default","adv-header-id-meta":"","stick-header-meta":"","header-above-stick-meta":"","header-main-stick-meta":"","header-below-stick-meta":"","astra-migrate-meta-layouts":"default","ast-page-background-enabled":"default","ast-page-background-meta":{"desktop":{"background-color":"","background-image":"","background-repeat":"repeat","background-position":"center center","background-size":"auto","background-attachment":"scroll","background-type":"","background-media":"","overlay-type":"","overlay-color":"","overlay-opacity":"","overlay-gradient":""},"tablet":{"background-color":"","background-image":"","background-repeat":"repeat","background-position":"center center","background-size":"auto","background-attachment":"scroll","background-type":"","background-media":"","overlay-type":"","overlay-color":"","overlay-opacity":"","overlay-gradient":""},"mobile":{"background-color":"","background-image":"","background-repeat":"repeat","background-position":"center center","background-size":"auto","background-attachment":"scroll","background-type":"","background-media":"","overlay-type":"","overlay-color":"","overlay-opacity":"","overlay-gradient":""}},"ast-content-background-meta":{"desktop":{"background-color":"var(--ast-global-color-5)","background-image":"","background-repeat":"repeat","background-position":"center center","background-size":"auto","background-attachment":"scroll","background-type":"","background-media":"","overlay-type":"","overlay-color":"","overlay-opacity":"","overlay-gradient":""},"tablet":{"background-color":"var(--ast-global-color-5)","background-image":"","background-repeat":"repeat","background-position":"center center","background-size":"auto","background-attachment":"scroll","background-type":"","background-media":"","overlay-type":"","overlay-color":"","overlay-opacity":"","overlay-gradient":""},"mobile":{"background-color":"var(--ast-global-color-5)","background-image":"","background-repeat":"repeat","background-position":"center center","background-size":"auto","background-attachment":"scroll","background-type":"","background-media":"","overlay-type":"","overlay-color":"","overlay-opacity":"","overlay-gradient":""}},"footnotes":""},"class_list":["post-844","page","type-page","status-publish","has-post-thumbnail","hentry"],"_links":{"self":[{"href":"https:\/\/interregva-bb-pl.eu\/pl\/wp-json\/wp\/v2\/pages\/844"}],"collection":[{"href":"https:\/\/interregva-bb-pl.eu\/pl\/wp-json\/wp\/v2\/pages"}],"about":[{"href":"https:\/\/interregva-bb-pl.eu\/pl\/wp-json\/wp\/v2\/types\/page"}],"author":[{"embeddable":true,"href":"https:\/\/interregva-bb-pl.eu\/pl\/wp-json\/wp\/v2\/users\/66"}],"replies":[{"embeddable":true,"href":"https:\/\/interregva-bb-pl.eu\/pl\/wp-json\/wp\/v2\/comments?post=844"}],"version-history":[{"count":24,"href":"https:\/\/interregva-bb-pl.eu\/pl\/wp-json\/wp\/v2\/pages\/844\/revisions"}],"predecessor-version":[{"id":15932,"href":"https:\/\/interregva-bb-pl.eu\/pl\/wp-json\/wp\/v2\/pages\/844\/revisions\/15932"}],"wp:featuredmedia":[{"embeddable":true,"href":"https:\/\/interregva-bb-pl.eu\/pl\/wp-json\/wp\/v2\/media\/15931"}],"wp:attachment":[{"href":"https:\/\/interregva-bb-pl.eu\/pl\/wp-json\/wp\/v2\/media?parent=844"}],"curies":[{"name":"wp","href":"https:\/\/api.w.org\/{rel}","templated":true}]}}