{"id":847,"date":"2016-03-18T14:21:17","date_gmt":"2016-03-18T13:21:17","guid":{"rendered":"http:\/\/interregva-bb-pl.eu\/pl\/?page_id=847"},"modified":"2019-04-04T11:47:46","modified_gmt":"2019-04-04T09:47:46","slug":"nabor-wnioskow-call","status":"publish","type":"page","link":"https:\/\/interregva-bb-pl.eu\/pl\/nabor-wnioskow-call\/","title":{"rendered":"Nab\u00f3r wniosk\u00f3w (Call)"},"content":{"rendered":"<table>\n<tbody>\n<tr>\n<td width=\"385\"><strong><span style=\"font-size: 24px;\">VIII nab\u00f3r jest otwarty!!!<\/span> <\/strong><\/p>\n<p><strong><span style=\"font-size: 24px;\">Wnioski nale\u017cy sk\u0142ada\u0107 w terminie od 07.03.2019 r.\u00a0<\/span> <\/strong><\/p>\n<p><span style=\"font-size: 16px;\"><strong>Tutaj znajd\u0105 Pa\u0144stwo\u00a0<\/strong><a href=\"http:\/\/interregva-bb-pl.eu\/wp-content\/uploads\/2019\/04\/2019-04-04_Call-8_PL.pdf\" target=\"_blank\" rel=\"noopener noreferrer\"><strong>tekst og\u0142oszenia<\/strong><\/a><strong> o naborze wniosk\u00f3w o dofinansowanie na projekty w nast\u0119puj\u0105cych Osiach Priorytetowych:<\/strong><\/span><\/p>\n<ul>\n<li><strong><u>II \u201ePo\u0142\u0105czenie z Sieciami Transeuropejskimi oraz trwa\u0142y i zr\u00f3wnowa\u017cony transport\u201d<\/u><\/strong><strong> &#8211; priorytet inwestycyjny 7 c: \u201eRozw\u00f3j i usprawnianie przyjaznych \u015brodowisku i niskoemisyjnych (w tym o obni\u017conej emisji ha\u0142asu) system\u00f3w transportu, w tym \u015br\u00f3dl\u0105dowych dr\u00f3g wodnych i transportu morskiego, port\u00f3w, po\u0142\u0105cze\u0144 multimodalnych oraz infrastruktury port\u00f3w lotniczych, w celu promowania zr\u00f3wnowa\u017conej mobilno\u015bci regionalnej i lokalnej\u201c \u2013 zako\u0144czenie naboru: <u>31.05.2019<\/u><\/strong><\/li>\n<\/ul>\n<ul>\n<li><strong><u>III &#8211; <\/u><\/strong><strong><u>Wzmocnienie transgranicznych zdolno\u015bci i kompetencji<\/u><\/strong> <strong>&#8211; zako\u0144czenie naboru: <u>16.05.2019 <\/u><\/strong><\/li>\n<\/ul>\n<ul>\n<li><strong><u>IV &#8211; <\/u><\/strong><strong><u>Integracja mieszka\u0144c\u00f3w i wsp\u00f3\u0142praca administracji<\/u><\/strong> <strong>&#8211; zako\u0144czenie naboru:\u00a0<u>16.05.2019 <\/u><\/strong><\/li>\n<\/ul>\n<p><span style=\"font-size: 16px;\"><strong>\u00a0<\/strong><\/span><\/p>\n<p>&nbsp;<\/td>\n<td width=\"154\"><strong>\u00a0Dalsze informacje:<\/strong><\/p>\n<ul>\n<li><a href=\"http:\/\/interregva-bb-pl.eu\/wp-content\/uploads\/2019\/03\/2019-02-27_Callplan_12BA.pdf\" target=\"_blank\" rel=\"noopener noreferrer\">Harmonogram nabor\u00f3w<\/a><\/li>\n<li><a href=\"http:\/\/interregva-bb-pl.eu\/pl\/dla-wnioskodawcow\/formularze-dla-wnioskodawcow\/\">Dokumenty dla wnioskodawc\u00f3w<\/a><\/li>\n<\/ul>\n<\/td>\n<\/tr>\n<\/tbody>\n<\/table>\n<hr \/>\n<hr \/>\n","protected":false},"excerpt":{"rendered":"<p>VIII nab\u00f3r jest otwarty!!! Wnioski nale\u017cy sk\u0142ada\u0107 w terminie od 07.03.2019 r.\u00a0 Tutaj znajd\u0105 Pa\u0144stwo\u00a0tekst og\u0142oszenia o naborze wniosk\u00f3w o dofinansowanie na projekty w nast\u0119puj\u0105cych Osiach Priorytetowych: II \u201ePo\u0142\u0105czenie z Sieciami Transeuropejskimi oraz trwa\u0142y i zr\u00f3wnowa\u017cony transport\u201d &#8211; priorytet inwestycyjny 7 c: \u201eRozw\u00f3j i usprawnianie przyjaznych \u015brodowisku i niskoemisyjnych (w tym o obni\u017conej emisji ha\u0142asu) [&hellip;]<\/p>\n","protected":false},"author":66,"featured_media":0,"parent":0,"menu_order":0,"comment_status":"closed","ping_status":"closed","template":"","meta":{"site-sidebar-layout":"default","site-content-layout":"default","ast-site-content-layout":"","site-content-style":"default","site-sidebar-style":"default","ast-global-header-display":"","ast-banner-title-visibility":"","ast-main-header-display":"","ast-hfb-above-header-display":"","ast-hfb-below-header-display":"","ast-hfb-mobile-header-display":"","site-post-title":"","ast-breadcrumbs-content":"","ast-featured-img":"","footer-sml-layout":"","theme-transparent-header-meta":"default","adv-header-id-meta":"","stick-header-meta":"","header-above-stick-meta":"","header-main-stick-meta":"","header-below-stick-meta":"","astra-migrate-meta-layouts":"default","ast-page-background-enabled":"default","ast-page-background-meta":{"desktop":{"background-color":"","background-image":"","background-repeat":"repeat","background-position":"center center","background-size":"auto","background-attachment":"scroll","background-type":"","background-media":"","overlay-type":"","overlay-color":"","overlay-opacity":"","overlay-gradient":""},"tablet":{"background-color":"","background-image":"","background-repeat":"repeat","background-position":"center center","background-size":"auto","background-attachment":"scroll","background-type":"","background-media":"","overlay-type":"","overlay-color":"","overlay-opacity":"","overlay-gradient":""},"mobile":{"background-color":"","background-image":"","background-repeat":"repeat","background-position":"center center","background-size":"auto","background-attachment":"scroll","background-type":"","background-media":"","overlay-type":"","overlay-color":"","overlay-opacity":"","overlay-gradient":""}},"ast-content-background-meta":{"desktop":{"background-color":"var(--ast-global-color-5)","background-image":"","background-repeat":"repeat","background-position":"center center","background-size":"auto","background-attachment":"scroll","background-type":"","background-media":"","overlay-type":"","overlay-color":"","overlay-opacity":"","overlay-gradient":""},"tablet":{"background-color":"var(--ast-global-color-5)","background-image":"","background-repeat":"repeat","background-position":"center center","background-size":"auto","background-attachment":"scroll","background-type":"","background-media":"","overlay-type":"","overlay-color":"","overlay-opacity":"","overlay-gradient":""},"mobile":{"background-color":"var(--ast-global-color-5)","background-image":"","background-repeat":"repeat","background-position":"center center","background-size":"auto","background-attachment":"scroll","background-type":"","background-media":"","overlay-type":"","overlay-color":"","overlay-opacity":"","overlay-gradient":""}},"footnotes":""},"class_list":["post-847","page","type-page","status-publish","hentry"],"_links":{"self":[{"href":"https:\/\/interregva-bb-pl.eu\/pl\/wp-json\/wp\/v2\/pages\/847"}],"collection":[{"href":"https:\/\/interregva-bb-pl.eu\/pl\/wp-json\/wp\/v2\/pages"}],"about":[{"href":"https:\/\/interregva-bb-pl.eu\/pl\/wp-json\/wp\/v2\/types\/page"}],"author":[{"embeddable":true,"href":"https:\/\/interregva-bb-pl.eu\/pl\/wp-json\/wp\/v2\/users\/66"}],"replies":[{"embeddable":true,"href":"https:\/\/interregva-bb-pl.eu\/pl\/wp-json\/wp\/v2\/comments?post=847"}],"version-history":[{"count":28,"href":"https:\/\/interregva-bb-pl.eu\/pl\/wp-json\/wp\/v2\/pages\/847\/revisions"}],"predecessor-version":[{"id":8890,"href":"https:\/\/interregva-bb-pl.eu\/pl\/wp-json\/wp\/v2\/pages\/847\/revisions\/8890"}],"wp:attachment":[{"href":"https:\/\/interregva-bb-pl.eu\/pl\/wp-json\/wp\/v2\/media?parent=847"}],"curies":[{"name":"wp","href":"https:\/\/api.w.org\/{rel}","templated":true}]}}