{"id":853,"date":"2016-03-18T14:23:40","date_gmt":"2016-03-18T13:23:40","guid":{"rendered":"http:\/\/interregva-bb-pl.eu\/pl\/?page_id=853"},"modified":"2018-01-17T11:04:16","modified_gmt":"2018-01-17T10:04:16","slug":"terminy","status":"publish","type":"page","link":"https:\/\/interregva-bb-pl.eu\/pl\/terminy\/","title":{"rendered":"Terminy"},"content":{"rendered":"<p>Nowy harmonogram nabor\u00f3w znajd\u0105 Pa\u0144stwo <a href=\"http:\/\/interregva-bb-pl.eu\/wp-content\/uploads\/2018\/01\/18-01-15_9.BA_Call-Zeitplan-KP_IX-KM-Plan-naborow-INTERREG-BB-PL-VA-2014-2020.pdf\" target=\"_blank\" rel=\"noopener noreferrer\">tutaj.<\/a> (z dnia 24.10.2017)<\/p>\n<hr \/>\n<p><a href=\"http:\/\/interregva-bb-pl.eu\/wp-content\/uploads\/2017\/04\/16-04-13_Call-Zeitplan-KP-BB-PL-VA-20214-2020.pdf\" target=\"_blank\" rel=\"noopener noreferrer\">Harmonogram nabor\u00f3w<\/a>\u00a0(z dnia 18.04.2017 r.)<\/p>\n","protected":false},"excerpt":{"rendered":"<p>Nowy harmonogram nabor\u00f3w znajd\u0105 Pa\u0144stwo tutaj. (z dnia 24.10.2017) Harmonogram nabor\u00f3w\u00a0(z dnia 18.04.2017 r.)<\/p>\n","protected":false},"author":66,"featured_media":0,"parent":0,"menu_order":20,"comment_status":"closed","ping_status":"closed","template":"","meta":{"site-sidebar-layout":"default","site-content-layout":"","ast-site-content-layout":"","site-content-style":"default","site-sidebar-style":"default","ast-global-header-display":"","ast-banner-title-visibility":"","ast-main-header-display":"","ast-hfb-above-header-display":"","ast-hfb-below-header-display":"","ast-hfb-mobile-header-display":"","site-post-title":"","ast-breadcrumbs-content":"","ast-featured-img":"","footer-sml-layout":"","theme-transparent-header-meta":"","adv-header-id-meta":"","stick-header-meta":"","header-above-stick-meta":"","header-main-stick-meta":"","header-below-stick-meta":"","astra-migrate-meta-layouts":"default","ast-page-background-enabled":"default","ast-page-background-meta":{"desktop":{"background-color":"","background-image":"","background-repeat":"repeat","background-position":"center center","background-size":"auto","background-attachment":"scroll","background-type":"","background-media":"","overlay-type":"","overlay-color":"","overlay-opacity":"","overlay-gradient":""},"tablet":{"background-color":"","background-image":"","background-repeat":"repeat","background-position":"center center","background-size":"auto","background-attachment":"scroll","background-type":"","background-media":"","overlay-type":"","overlay-color":"","overlay-opacity":"","overlay-gradient":""},"mobile":{"background-color":"","background-image":"","background-repeat":"repeat","background-position":"center center","background-size":"auto","background-attachment":"scroll","background-type":"","background-media":"","overlay-type":"","overlay-color":"","overlay-opacity":"","overlay-gradient":""}},"ast-content-background-meta":{"desktop":{"background-color":"var(--ast-global-color-5)","background-image":"","background-repeat":"repeat","background-position":"center center","background-size":"auto","background-attachment":"scroll","background-type":"","background-media":"","overlay-type":"","overlay-color":"","overlay-opacity":"","overlay-gradient":""},"tablet":{"background-color":"var(--ast-global-color-5)","background-image":"","background-repeat":"repeat","background-position":"center center","background-size":"auto","background-attachment":"scroll","background-type":"","background-media":"","overlay-type":"","overlay-color":"","overlay-opacity":"","overlay-gradient":""},"mobile":{"background-color":"var(--ast-global-color-5)","background-image":"","background-repeat":"repeat","background-position":"center center","background-size":"auto","background-attachment":"scroll","background-type":"","background-media":"","overlay-type":"","overlay-color":"","overlay-opacity":"","overlay-gradient":""}},"footnotes":""},"class_list":["post-853","page","type-page","status-publish","hentry"],"_links":{"self":[{"href":"https:\/\/interregva-bb-pl.eu\/pl\/wp-json\/wp\/v2\/pages\/853"}],"collection":[{"href":"https:\/\/interregva-bb-pl.eu\/pl\/wp-json\/wp\/v2\/pages"}],"about":[{"href":"https:\/\/interregva-bb-pl.eu\/pl\/wp-json\/wp\/v2\/types\/page"}],"author":[{"embeddable":true,"href":"https:\/\/interregva-bb-pl.eu\/pl\/wp-json\/wp\/v2\/users\/66"}],"replies":[{"embeddable":true,"href":"https:\/\/interregva-bb-pl.eu\/pl\/wp-json\/wp\/v2\/comments?post=853"}],"version-history":[{"count":4,"href":"https:\/\/interregva-bb-pl.eu\/pl\/wp-json\/wp\/v2\/pages\/853\/revisions"}],"predecessor-version":[{"id":2209,"href":"https:\/\/interregva-bb-pl.eu\/pl\/wp-json\/wp\/v2\/pages\/853\/revisions\/2209"}],"wp:attachment":[{"href":"https:\/\/interregva-bb-pl.eu\/pl\/wp-json\/wp\/v2\/media?parent=853"}],"curies":[{"name":"wp","href":"https:\/\/api.w.org\/{rel}","templated":true}]}}