{"id":855,"date":"2016-03-18T14:24:27","date_gmt":"2016-03-18T13:24:27","guid":{"rendered":"http:\/\/interregva-bb-pl.eu\/pl\/?page_id=855"},"modified":"2018-12-03T16:13:40","modified_gmt":"2018-12-03T15:13:40","slug":"downloads","status":"publish","type":"page","link":"https:\/\/interregva-bb-pl.eu\/pl\/nabor-wnioskow-call\/downloads\/","title":{"rendered":"Pakiet aplikacyjny"},"content":{"rendered":"<p><span style=\"font-size: 24px;\"><strong>PAKIET APLIKACYJNY<\/strong><\/span><\/p>\n<p><strong>Pod nast\u0119puj\u0105cym linkiem znajduje si\u0119 wniosek o dofinansowanie projekt\u00f3w:\u00a0<\/strong><a href=\"https:\/\/kundenportal.ilb.de\"><strong>https:\/\/kundenportal.ilb.de<\/strong><\/a><\/p>\n<p>(<a href=\"http:\/\/windows.microsoft.com\/pl-pl\/windows-vista\/change-your-internet-explorer-language-settings\">Zmienianie ustawie\u0144 j\u0119zykowych programu Internet Explorer<\/a>)<\/p>\n<p><a href=\"http:\/\/interregva-bb-pl.eu\/wp-content\/uploads\/2018\/11\/F%C3%B6rderhandbuch_PodrBeneficjDez.2017-1.pdf\" target=\"_blank\" rel=\"noopener noreferrer\">Podr\u0119cznik beneficjenta<\/a><\/p>\n<p><a href=\"http:\/\/interregva-bb-pl.eu\/wp-content\/uploads\/2018\/12\/Best%C3%A4tigung-zum-Antrag-150917.docx\" target=\"_blank\" rel=\"noopener noreferrer\">Potwierdzenie do wniosku<\/a><\/p>\n<p><a href=\"http:\/\/interregva-bb-pl.eu\/wp-content\/uploads\/2018\/02\/5.Call-Projektkonzept_5.-nabor-Koncepcja-projektu-1.docx\" target=\"_blank\" rel=\"noopener noreferrer\">Koncepcja projektu<\/a><\/p>\n<p>Dokument dodatkowy\u00a0<a href=\"http:\/\/interregva-bb-pl.eu\/wp-content\/uploads\/2017\/06\/ZD-Angaben-zum-Unternehmen-3.doc\" target=\"_blank\" rel=\"noopener noreferrer\">Informacje o przedsi\u0119biorstwie<\/a><\/p>\n<p>Dokument dodatkowy\u00a0<a href=\"http:\/\/interregva-bb-pl.eu\/wp-content\/uploads\/2018\/12\/ZD-Erkl%C3%A4rung-de-minimis-010617.docx\" target=\"_blank\" rel=\"noopener noreferrer\">O\u015bwiadczenie de-minimis<\/a><\/p>\n<p>Dokument dodatkowy <a href=\"http:\/\/interregva-bb-pl.eu\/wp-content\/uploads\/2017\/06\/ZD-Vollmacht-2.docx\" target=\"_blank\" rel=\"noopener noreferrer\">Pe\u0142nomocnictwo<\/a><\/p>\n<p>Dokument dodatkowy do za\u0142\u0105cznika Partner projektu: <a href=\"http:\/\/interregva-bb-pl.eu\/wp-content\/uploads\/2017\/06\/Berechnungstool-Nettoeinnahmen-010617.xlsx\" target=\"_blank\" rel=\"noopener noreferrer\">Kalkulacja dochodu<\/a><\/p>\n<p><a href=\"http:\/\/interregva-bb-pl.eu\/wp-content\/uploads\/2017\/06\/ZD-Kostenkalkulation-010617.xlsx\" target=\"_blank\" rel=\"noopener noreferrer\">Kalkulacja koszt\u00f3w<\/a><\/p>\n<p><a href=\"http:\/\/interregva-bb-pl.eu\/wp-content\/uploads\/2018\/12\/Erkl%C3%A4rung-Eigenanteil-4.docx\" target=\"_blank\" rel=\"noopener noreferrer\">Udokumentowanie zabezpieczenia wk\u0142adu w\u0142asnego<\/a><\/p>\n<p><a href=\"http:\/\/interregva-bb-pl.eu\/wp-content\/uploads\/2017\/06\/PV-010617-Website.docx\" target=\"_blank\" rel=\"noopener noreferrer\">Porozumienie partnerskie\u00a0<\/a><\/p>\n<p>&nbsp;<\/p>\n<p><a href=\"http:\/\/interregva-bb-pl.eu\/wp-content\/uploads\/2018\/12\/17-06-01_3.-Call-Zalecenia-dot.-dokument%C3%B3w.pdf\" target=\"_blank\" rel=\"noopener noreferrer\">Zalecenia dot. dokument\u00f3w i za\u0142\u0105cznik\u00f3w potrzebnych w trakcie sk\u0142adania wniosku, podpisywania umowy o dofinansowanie oraz cz\u0119\u015bciowo raportowania<\/a><\/p>\n<p><a href=\"http:\/\/interregva-bb-pl.eu\/wp-content\/uploads\/2017\/06\/Handreichung-Antrag-Instrukcja-Wniosek-031116.pdf\" target=\"_blank\" rel=\"noopener noreferrer\">Instrukcja do wype\u0142niania wniosku<\/a><\/p>\n<p><a href=\"http:\/\/interregva-bb-pl.eu\/wp-content\/uploads\/2017\/06\/Handreichung-Kostenkalkulation_Instrukcja-kalkulacja-kosztow-021116.pdf\" target=\"_blank\" rel=\"noopener noreferrer\">Instrukcja do kalkulacji koszt\u00f3w<\/a><\/p>\n<p>&nbsp;<\/p>\n<p><strong><u>&#8220;Informacje&#8221;:<\/u><\/strong><\/p>\n<p>Informacja INTERREG: <a href=\"http:\/\/interregva-bb-pl.eu\/wp-content\/uploads\/2017\/06\/Informacja-de-minimis.pdf\" target=\"_blank\" rel=\"noopener noreferrer\">Zasada \u201ede minimis\u201c<\/a><\/p>\n<p>Informacja INTERREG dla <u>polskich<\/u> partner\u00f3w projekt\u00f3w:\u00a0<a href=\"http:\/\/interregva-bb-pl.eu\/wp-content\/uploads\/2017\/06\/Informacja-konkurencyjnosc-zmiany-kwiecien-2017.pdf\" target=\"_blank\" rel=\"noopener noreferrer\">Postanowienia w zakresie zam\u00f3wie\u0144\u00a0<\/a><\/p>\n<p>Informacja INTERREG dla <u>niemieckich<\/u> partner\u00f3w projekt\u00f3w:\u00a0<a href=\"http:\/\/interregva-bb-pl.eu\/wp-content\/uploads\/2017\/06\/Informacja-zamowienia-niemieckie-010617.pdf\" target=\"_blank\" rel=\"noopener noreferrer\">Zasady udzielania zam\u00f3wie\u0144<\/a><\/p>\n<p>Informacja\u00a0INTERREG: <a href=\"http:\/\/interregva-bb-pl.eu\/wp-content\/uploads\/2017\/06\/Informacja-rowny-status-010617.pdf\" target=\"_blank\" rel=\"noopener noreferrer\">Promowanie r\u00f3wnego statusu m\u0119\u017cczyzn\u00a0i kobiet i niedyskryminacja<\/a><\/p>\n<p>Informacja\u00a0INTERREG: <a href=\"http:\/\/interregva-bb-pl.eu\/wp-content\/uploads\/2017\/06\/Informacja-identyfikacja-010617.pdf\" target=\"_blank\" rel=\"noopener noreferrer\">Identyfikacja w my\u015bl postanowie\u0144\u00a0dot. przeciwdzia\u0142aniu praniu pieni\u0119dzy<\/a><\/p>\n<p>Informacja\u00a0INTERREG: <a href=\"http:\/\/interregva-bb-pl.eu\/wp-content\/uploads\/2017\/06\/Informacja-informacja-promocja-010617.pdf\" target=\"_blank\" rel=\"noopener noreferrer\">Postanowienia w zakresie informacji i promocji<\/a><\/p>\n<p>Informacja\u00a0INTERREG: <a href=\"http:\/\/interregva-bb-pl.eu\/wp-content\/uploads\/2017\/06\/Informacja-Definicja-MSP-010617.pdf\" target=\"_blank\" rel=\"noopener noreferrer\">Definicja M\u015aP Unii Europejskiej<\/a><\/p>\n<p>Informacja\u00a0INTERREG: <a href=\"http:\/\/interregva-bb-pl.eu\/wp-content\/uploads\/2017\/06\/Informacja-zrownowazony-rozwoj-010617.pdf\" target=\"_blank\" rel=\"noopener noreferrer\">Zr\u00f3wnowa\u017cony rozw\u00f3j<\/a><\/p>\n<p>Informacja INTERREG: <a href=\"http:\/\/interregva-bb-pl.eu\/wp-content\/uploads\/2017\/06\/Informacja-oswiadczenia-subwencyjne.pdf\" target=\"_blank\" rel=\"noopener noreferrer\">O\u015bwiadczenia w sprawie informacji o\u00a0istotnym znaczeniu dla prawid\u0142owego wykorzystania przyznanego\u00a0dofinansowania<\/a><\/p>\n<p>Informacja INTERREG: <a href=\"http:\/\/interregva-bb-pl.eu\/wp-content\/uploads\/2017\/06\/Informacja-Dzialalnosc-gospodarcza-pozagospodarcza.pdf\" target=\"_blank\" rel=\"noopener noreferrer\">Dzia\u0142alno\u015b\u0107 gospodarcza i pozagospodarcza<\/a><\/p>\n<p style=\"text-align: left;\">Informacja INTERREG w sprawie <a href=\"http:\/\/interregva-bb-pl.eu\/wp-content\/uploads\/2017\/06\/Informacja-Projekty-generujace-dochod-010617.pdf\" target=\"_blank\" rel=\"noopener noreferrer\">operacji generuj\u0105cych doch\u00f3d<\/a><\/p>\n<p style=\"text-align: left;\">Informacja INTERREG <a href=\"http:\/\/interregva-bb-pl.eu\/wp-content\/uploads\/2017\/09\/Informacja-Uslugi-dostawy-powiazania.pdf\" target=\"_blank\" rel=\"noopener noreferrer\">Dostawy i us\u0142ugi przy powi\u0105zaniach<\/a><\/p>\n","protected":false},"excerpt":{"rendered":"<p>PAKIET APLIKACYJNY Pod nast\u0119puj\u0105cym linkiem znajduje si\u0119 wniosek o dofinansowanie projekt\u00f3w:\u00a0https:\/\/kundenportal.ilb.de (Zmienianie ustawie\u0144 j\u0119zykowych programu Internet Explorer) Podr\u0119cznik beneficjenta Potwierdzenie do wniosku Koncepcja projektu Dokument dodatkowy\u00a0Informacje o przedsi\u0119biorstwie Dokument dodatkowy\u00a0O\u015bwiadczenie de-minimis Dokument dodatkowy Pe\u0142nomocnictwo Dokument dodatkowy do za\u0142\u0105cznika Partner projektu: Kalkulacja dochodu Kalkulacja koszt\u00f3w Udokumentowanie zabezpieczenia wk\u0142adu w\u0142asnego Porozumienie partnerskie\u00a0 &nbsp; Zalecenia dot. dokument\u00f3w i [&hellip;]<\/p>\n","protected":false},"author":66,"featured_media":6400,"parent":847,"menu_order":30,"comment_status":"closed","ping_status":"closed","template":"","meta":{"site-sidebar-layout":"default","site-content-layout":"","ast-site-content-layout":"","site-content-style":"default","site-sidebar-style":"default","ast-global-header-display":"","ast-banner-title-visibility":"","ast-main-header-display":"","ast-hfb-above-header-display":"","ast-hfb-below-header-display":"","ast-hfb-mobile-header-display":"","site-post-title":"","ast-breadcrumbs-content":"","ast-featured-img":"","footer-sml-layout":"","theme-transparent-header-meta":"","adv-header-id-meta":"","stick-header-meta":"","header-above-stick-meta":"","header-main-stick-meta":"","header-below-stick-meta":"","astra-migrate-meta-layouts":"default","ast-page-background-enabled":"default","ast-page-background-meta":{"desktop":{"background-color":"","background-image":"","background-repeat":"repeat","background-position":"center center","background-size":"auto","background-attachment":"scroll","background-type":"","background-media":"","overlay-type":"","overlay-color":"","overlay-opacity":"","overlay-gradient":""},"tablet":{"background-color":"","background-image":"","background-repeat":"repeat","background-position":"center center","background-size":"auto","background-attachment":"scroll","background-type":"","background-media":"","overlay-type":"","overlay-color":"","overlay-opacity":"","overlay-gradient":""},"mobile":{"background-color":"","background-image":"","background-repeat":"repeat","background-position":"center center","background-size":"auto","background-attachment":"scroll","background-type":"","background-media":"","overlay-type":"","overlay-color":"","overlay-opacity":"","overlay-gradient":""}},"ast-content-background-meta":{"desktop":{"background-color":"var(--ast-global-color-5)","background-image":"","background-repeat":"repeat","background-position":"center center","background-size":"auto","background-attachment":"scroll","background-type":"","background-media":"","overlay-type":"","overlay-color":"","overlay-opacity":"","overlay-gradient":""},"tablet":{"background-color":"var(--ast-global-color-5)","background-image":"","background-repeat":"repeat","background-position":"center center","background-size":"auto","background-attachment":"scroll","background-type":"","background-media":"","overlay-type":"","overlay-color":"","overlay-opacity":"","overlay-gradient":""},"mobile":{"background-color":"var(--ast-global-color-5)","background-image":"","background-repeat":"repeat","background-position":"center center","background-size":"auto","background-attachment":"scroll","background-type":"","background-media":"","overlay-type":"","overlay-color":"","overlay-opacity":"","overlay-gradient":""}},"footnotes":""},"class_list":["post-855","page","type-page","status-publish","has-post-thumbnail","hentry"],"_links":{"self":[{"href":"https:\/\/interregva-bb-pl.eu\/pl\/wp-json\/wp\/v2\/pages\/855"}],"collection":[{"href":"https:\/\/interregva-bb-pl.eu\/pl\/wp-json\/wp\/v2\/pages"}],"about":[{"href":"https:\/\/interregva-bb-pl.eu\/pl\/wp-json\/wp\/v2\/types\/page"}],"author":[{"embeddable":true,"href":"https:\/\/interregva-bb-pl.eu\/pl\/wp-json\/wp\/v2\/users\/66"}],"replies":[{"embeddable":true,"href":"https:\/\/interregva-bb-pl.eu\/pl\/wp-json\/wp\/v2\/comments?post=855"}],"version-history":[{"count":44,"href":"https:\/\/interregva-bb-pl.eu\/pl\/wp-json\/wp\/v2\/pages\/855\/revisions"}],"predecessor-version":[{"id":6433,"href":"https:\/\/interregva-bb-pl.eu\/pl\/wp-json\/wp\/v2\/pages\/855\/revisions\/6433"}],"up":[{"embeddable":true,"href":"https:\/\/interregva-bb-pl.eu\/pl\/wp-json\/wp\/v2\/pages\/847"}],"wp:featuredmedia":[{"embeddable":true,"href":"https:\/\/interregva-bb-pl.eu\/pl\/wp-json\/wp\/v2\/media\/6400"}],"wp:attachment":[{"href":"https:\/\/interregva-bb-pl.eu\/pl\/wp-json\/wp\/v2\/media?parent=855"}],"curies":[{"name":"wp","href":"https:\/\/api.w.org\/{rel}","templated":true}]}}