{"id":9323,"date":"2019-05-28T14:46:10","date_gmt":"2019-05-28T12:46:10","guid":{"rendered":"https:\/\/interregva-bb-pl.eu\/?page_id=9323"},"modified":"2019-07-23T10:07:59","modified_gmt":"2019-07-23T08:07:59","slug":"wydarzenie-roczne-2019-2","status":"publish","type":"page","link":"https:\/\/interregva-bb-pl.eu\/pl\/wydarzenie-roczne-2019-2\/","title":{"rendered":"Wydarzenie roczne 2019_sprawozdanie"},"content":{"rendered":"<p>W Wydarzeniu rocznym 2019 uczestniczy\u0142o ponad 120 go\u015bci z Polski i Niemiec!<\/p>\n<p>W dniu 9 maja 2019 w Cottbus odby\u0142o si\u0119 Wydarzenie Roczne Programu Wsp\u00f3\u0142pracy INTERREG VA Brandenburgia \u2013 Polska. Tegorocznym has\u0142em by\u0142o \u201e1 granica, 2 kraje, 15 lat wsp\u00f3\u0142pracy transgranicz-nej\u201d. Impreza cieszy\u0142a si\u0119 du\u017cym zainteresowaniem, uczestniczy\u0142o w niej ponad 120 go\u015bci z Polski i Niemiec.<\/p>\n<p><img loading=\"lazy\" decoding=\"async\" class=\"alignnone wp-image-9304 size-full\" src=\"https:\/\/interregva-bb-pl.eu\/wp-content\/uploads\/2019\/05\/webseite.jpg\" alt=\"\" width=\"791\" height=\"793\" srcset=\"https:\/\/interregva-bb-pl.eu\/wp-content\/uploads\/2019\/05\/webseite.jpg 791w, https:\/\/interregva-bb-pl.eu\/wp-content\/uploads\/2019\/05\/webseite-150x150.jpg 150w, https:\/\/interregva-bb-pl.eu\/wp-content\/uploads\/2019\/05\/webseite-300x300.jpg 300w, https:\/\/interregva-bb-pl.eu\/wp-content\/uploads\/2019\/05\/webseite-768x770.jpg 768w\" sizes=\"(max-width: 791px) 100vw, 791px\" \/><\/p>\n<p>Wydarzenie uroczy\u015bcie otworzyli: Minister ds. Europejskich Kraju Zwi\u0105zkowego Brandenburgia &#8211; Pan Stefan Ludwig, przedstawiciel Polskiego Ministerstwa Inwestycji i Rozwoju &#8211; Pan Artur Harc oraz repre-zentant Urz\u0119du Marsza\u0142kowskiego Wojew\u00f3dztwa Lubuskiego &#8211; Pan Rados\u0142aw Brodzik.<br \/>\nGo\u015bcie mogli wys\u0142ucha\u0107 interesuj\u0105cych wyst\u0105pie\u0144 Beneficjent\u00f3w Programu. Punktem kulminacyjnym Wydarzenia by\u0142a dyskusja panelowa dotycz\u0105ca wsp\u00f3\u0142pracy transgranicznej, w kt\u00f3rej uczestniczyli przedstawiciele trzech program\u00f3w wsp\u00f3\u0142pracy INTERREG VA realizowanych na polsko \u2013 niemieckiej granicy. W\u015br\u00f3d referent\u00f3w obecny by\u0142 tak\u017ce przedstawiciel Komisji Europejskiej. Konferencji towarzyszy\u0142a wystawa plakat\u00f3w realizowanych w ramach Programu projekt\u00f3w. Ukoronowaniem wydarzenia by\u0142a wycieczka szlakiem zrealizowanych w ramach INTERREGU projekt\u00f3w na terenie Parku Branitz i Zoo.<\/p>\n<p><span style=\"color: #ff0000;\"><strong>Galeria zdj\u0119\u0107:<\/strong><\/span> <a href=\"https:\/\/myalbum.com\/album\/VHeqdvQ2qmzj\">https:\/\/myalbum.com\/album\/VHeqdvQ2qmzj<\/a><\/p>\n<p><strong><span style=\"color: #ff0000;\">Notatki prasowe:<\/span> <\/strong><\/p>\n<p><a href=\"https:\/\/interregva-bb-pl.eu\/wp-content\/uploads\/2019\/05\/PM-INTERREG-Jahresveranstaltung-2019_pl.pdf\">https:\/\/interregva-bb-pl.eu\/wp-content\/uploads\/2019\/05\/PM-INTERREG-Jahresveranstaltung-2019_pl.pdf<\/a><\/p>\n<p><a href=\"https:\/\/interregva-bb-pl.eu\/wp-content\/uploads\/2019\/05\/Lausitzer-Rundschau.pdf\">https:\/\/interregva-bb-pl.eu\/wp-content\/uploads\/2019\/05\/Lausitzer-Rundschau.pdf<\/a><\/p>\n<p><a href=\"https:\/\/interregva-bb-pl.eu\/wp-content\/uploads\/2019\/05\/PM-INTERREG-Jahresveranstaltung-2019.pdf\">https:\/\/interregva-bb-pl.eu\/wp-content\/uploads\/2019\/05\/PM-INTERREG-Jahresveranstaltung-2019.pdf<\/a><\/p>\n<p><span style=\"color: #ff0000;\"><strong>Film:<\/strong><\/span> <a href=\"https:\/\/youtu.be\/PXJKo36LVC0\">https:\/\/youtu.be\/PXJKo36LVC0<\/a><\/p>\n<p><span style=\"color: #ff0000;\"><strong>Prezentacje:<\/strong><\/span><\/p>\n<p><a href=\"https:\/\/interregva-bb-pl.eu\/wp-content\/uploads\/2019\/05\/Stadt-Cottbus_Zielona-Gora.pdf\"><u>Pan Krzysztof Kaliszuk<\/u> (Urz\u0105d Miasta Zielona G\u00f3ra) i <u>Pani Kristina Neumann<\/u> (Urz\u0105d Miasta Cottbus)<\/a><\/p>\n<p><a href=\"https:\/\/interregva-bb-pl.eu\/wp-content\/uploads\/2019\/05\/Arbeitsinitiative_Letschin.pdf\"><u>Pani Katrin Schulz<\/u> (Arbeitsinitiative Letschin e.V.)<\/a><\/p>\n<p><a href=\"https:\/\/interregva-bb-pl.eu\/wp-content\/uploads\/2019\/05\/IHP.pdf\"><u>Pan dr in\u017c<\/u><u>. <\/u><u>Krzysztof Piotrowski<\/u> (IHP GmbH) i <u>Pan dr in\u017c<\/u><u>. <\/u><u>Piotr Powro\u017anik<\/u> (Uniwersytet Zielona G\u00f3ra)<\/a><\/p>\n<p>Serdecznie dzi\u0119kujemy referentom, wnioskodawcom, go\u015bciom, t\u0142umaczom i ca\u0142emu zespo\u0142owi organizacyjnemu!<\/p>\n","protected":false},"excerpt":{"rendered":"<p>W Wydarzeniu rocznym 2019 uczestniczy\u0142o ponad 120 go\u015bci z Polski i Niemiec! W dniu 9 maja 2019 w Cottbus odby\u0142o si\u0119 Wydarzenie Roczne Programu Wsp\u00f3\u0142pracy INTERREG VA Brandenburgia \u2013 Polska. Tegorocznym has\u0142em by\u0142o \u201e1 granica, 2 kraje, 15 lat wsp\u00f3\u0142pracy transgranicz-nej\u201d. Impreza cieszy\u0142a si\u0119 du\u017cym zainteresowaniem, uczestniczy\u0142o w niej ponad 120 go\u015bci z Polski i [&hellip;]<\/p>\n","protected":false},"author":66,"featured_media":0,"parent":0,"menu_order":0,"comment_status":"closed","ping_status":"closed","template":"","meta":{"site-sidebar-layout":"default","site-content-layout":"default","ast-site-content-layout":"","site-content-style":"default","site-sidebar-style":"default","ast-global-header-display":"","ast-banner-title-visibility":"","ast-main-header-display":"","ast-hfb-above-header-display":"","ast-hfb-below-header-display":"","ast-hfb-mobile-header-display":"","site-post-title":"","ast-breadcrumbs-content":"","ast-featured-img":"","footer-sml-layout":"","theme-transparent-header-meta":"default","adv-header-id-meta":"","stick-header-meta":"","header-above-stick-meta":"","header-main-stick-meta":"","header-below-stick-meta":"","astra-migrate-meta-layouts":"default","ast-page-background-enabled":"default","ast-page-background-meta":{"desktop":{"background-color":"","background-image":"","background-repeat":"repeat","background-position":"center center","background-size":"auto","background-attachment":"scroll","background-type":"","background-media":"","overlay-type":"","overlay-color":"","overlay-opacity":"","overlay-gradient":""},"tablet":{"background-color":"","background-image":"","background-repeat":"repeat","background-position":"center center","background-size":"auto","background-attachment":"scroll","background-type":"","background-media":"","overlay-type":"","overlay-color":"","overlay-opacity":"","overlay-gradient":""},"mobile":{"background-color":"","background-image":"","background-repeat":"repeat","background-position":"center center","background-size":"auto","background-attachment":"scroll","background-type":"","background-media":"","overlay-type":"","overlay-color":"","overlay-opacity":"","overlay-gradient":""}},"ast-content-background-meta":{"desktop":{"background-color":"var(--ast-global-color-5)","background-image":"","background-repeat":"repeat","background-position":"center center","background-size":"auto","background-attachment":"scroll","background-type":"","background-media":"","overlay-type":"","overlay-color":"","overlay-opacity":"","overlay-gradient":""},"tablet":{"background-color":"var(--ast-global-color-5)","background-image":"","background-repeat":"repeat","background-position":"center center","background-size":"auto","background-attachment":"scroll","background-type":"","background-media":"","overlay-type":"","overlay-color":"","overlay-opacity":"","overlay-gradient":""},"mobile":{"background-color":"var(--ast-global-color-5)","background-image":"","background-repeat":"repeat","background-position":"center center","background-size":"auto","background-attachment":"scroll","background-type":"","background-media":"","overlay-type":"","overlay-color":"","overlay-opacity":"","overlay-gradient":""}},"footnotes":""},"class_list":["post-9323","page","type-page","status-publish","hentry"],"_links":{"self":[{"href":"https:\/\/interregva-bb-pl.eu\/pl\/wp-json\/wp\/v2\/pages\/9323"}],"collection":[{"href":"https:\/\/interregva-bb-pl.eu\/pl\/wp-json\/wp\/v2\/pages"}],"about":[{"href":"https:\/\/interregva-bb-pl.eu\/pl\/wp-json\/wp\/v2\/types\/page"}],"author":[{"embeddable":true,"href":"https:\/\/interregva-bb-pl.eu\/pl\/wp-json\/wp\/v2\/users\/66"}],"replies":[{"embeddable":true,"href":"https:\/\/interregva-bb-pl.eu\/pl\/wp-json\/wp\/v2\/comments?post=9323"}],"version-history":[{"count":3,"href":"https:\/\/interregva-bb-pl.eu\/pl\/wp-json\/wp\/v2\/pages\/9323\/revisions"}],"predecessor-version":[{"id":9917,"href":"https:\/\/interregva-bb-pl.eu\/pl\/wp-json\/wp\/v2\/pages\/9323\/revisions\/9917"}],"wp:attachment":[{"href":"https:\/\/interregva-bb-pl.eu\/pl\/wp-json\/wp\/v2\/media?parent=9323"}],"curies":[{"name":"wp","href":"https:\/\/api.w.org\/{rel}","templated":true}]}}